{"id":1103,"date":"2017-05-02T16:00:40","date_gmt":"2017-05-02T14:00:40","guid":{"rendered":"http:\/\/coopcrea.it\/wp-new\/?page_id=1103"},"modified":"2022-07-05T11:52:38","modified_gmt":"2022-07-05T09:52:38","slug":"la-cooperativa","status":"publish","type":"page","link":"https:\/\/coopcrea.it\/index.php\/la-cooperativa\/","title":{"rendered":"La Cooperativa"},"content":{"rendered":"<p><span style=\"color: #993366;\"><strong>La storia<\/strong><\/span><br \/>\nC.RE.A. \u00e8 una <strong><span style=\"color: #993366;\">cooperativa<\/span><\/strong> sociale di tipo A + B attiva in provincia di Lucca dal 1982. Nasce nella Darsena di Viareggio, nell\u2019ambito dell\u2019attivit\u00e0 del \u201cCapannone\u201d promossa da don Sirio Politi, condivisa da altri tre preti operai e, in seguito, da alcuni artigiani, per dare spazio ed attenzione ad un \u201cartigianato creativo\u201d come modalit\u00e0 di alternativa concreta ai processi di omologazione e declino delle responsabilit\u00e0 sociali diffuse della fine degli Anni \u201970. L \u2019acronimo C.RE.A. stava per Cooperativa Realizzazioni Artigianali.<br \/>\nAlla fine del 1987 la cooperativa viene rimessa in attivit\u00e0 con una nuova finalizzazione: fornire sostegno e assistenza a soggetti disabili, che peraltro facevano ancora riferimento al \u201cCapannone\u201d. Si aprono cos\u00ec, in convenzione con l\u2019Ente pubblico, prima un corso di \u201corientamento e preformazione\u201d e quindi un\u2019attivit\u00e0 di \u201cterapia occupazionale\u201d per adulti portatori di handicap con sede nel \u201cCapannone\u201d.<br \/>\nNel 1991 si apre un nuovo settore di intervento con la comunit\u00e0 alloggio per minori e si avvia un lavoro organico rispetto all\u2019intervento nel settore dell\u2019handicap, con l\u2019allargamento, nel 1995, ad altri due centri diurni per disabili.<br \/>\nNegli anni successivi la cooperativa, rinnovando il significato del proprio agire sociale, \u00e8 andata ampliandosi attraverso un percorso collettivo di analisi e approfondimento sul ruolo giocato dalla cooperativa stessa e sulle sue potenzialit\u00e0.<br \/>\nAttualmente la cooperativa gestisce varie tipologie di servizi in diversi Comuni della provincia di Lucca in convenzione con Enti Pubblici, Aziende USL, Enti Privati.<\/p>\n<p>&nbsp;<\/p>\n<p><span style=\"color: #993366;\"><strong>I settori principali di intervento sono:<\/strong><\/span><br \/>\nServizi domiciliari, territoriali e scolastici per minori, anziani, disabili;<br \/>\nCentri diurni e di aggregazione per minori, anziani, disabili;<br \/>\nResidenze Sanitarie Assistenziali per anziani e adulti disabili;<br \/>\nComunit\u00e0 residenziali e semiresidenziali per minori;<br \/>\nServizi per l\u2019infanzia;<br \/>\nServizi di accoglienza, informazione e mediazione per migranti;<\/p>\n<p>Attivit\u00e0 e servizi di Inserimento lavorativo (manutenzione verde, pulizie, sorveglianza, ecc).<\/p>\n<p>&nbsp;<\/p>\n<p><span style=\"color: #993366;\"><strong>Mission\u00a0<\/strong><\/span><br \/>\nC.RE.A. cooperativa sociale \u00e8 un\u2019impresa che si propone di attivare e attirare nuove risorse e investirle nella produzione di servizi e di benessere sociale. Tramite varie articolazioni si propone di accompagnare le persone attraverso l\u2019individuazione, la scelta e la pratica di ruoli molteplici nel processo di ricomposizione della propria vita.<br \/>\nC.RE.A. promuove attivit\u00e0 lavorative nel settore socio assistenziale attraverso il perseguimento di obiettivi di efficacia ed efficienza nella pianificazione e gestione dei servizi impiegando personale qualificato. Realizza integrazione sociale e promozione del benessere dei soggetti svantaggiati in quanto parte integrante di una comunit\u00e0 educante che promuove l\u2019autonomia dei cittadini\/utenti attraverso i servizi erogati facilitando la messa in rete e la fruizione delle risorse del territorio, diventando essa stessa risorsa.<\/p>\n<p>&nbsp;<\/p>\n<p><span style=\"color: #993366;\"><strong>I valori\u00a0<\/strong><\/span><br \/>\n<strong>democrazia\u00a0 &#8211;\u00a0\u00a0partecipazione\u00a0 &#8211; promozione\u00a0 &#8211; trasparenza<\/strong><\/p>\n<p>&nbsp;<\/p>\n<p>C.RE.A. \u00e8 una societ\u00e0 cooperativa a mutualit\u00e0 prevalente che risponde alle caratteristiche definite dall\u2019art.2512 del Codice Civile.<\/p>\n<p>La Cooperativa si propone di perseguire, in modo continuativo e senza fini di lucro, l\u2019interesse generale della comunit\u00e0 alla promozione umana ed all\u2019integrazione sociale dei cittadini attraverso la gestione dei servizi e delle attivit\u00e0 ai sensi dell\u2019articolo 1, lettera a della legge 381\/91, nonch\u00e9 le finalit\u00e0 civiche, solidaristiche e di utilit\u00e0 sociale ai sensi del d.lgs 3 luglio 2017, n. 112 e attraverso:<br \/>\n* la gestione di servizi socio &#8211; sanitari ed educativi;<br \/>\n* lo svolgimento di attivit\u00e0 diverse \u2013 agricole, industriali, commerciali e di servizi \u2013 finalizzate all\u2019inserimento di persone svantaggiate.<\/p>\n<p>&nbsp;<\/p>\n<p><span style=\"color: #993366;\"><strong>Assetto istituzionale e organizzativo<\/strong><\/span><br \/>\n1 &#8211; <strong>Assemblea dei soci<\/strong><br \/>\n2 &#8211; <strong>Consiglio di amministrazione<\/strong><br \/>\nEletto nella Assemblea dei soci del 23\/06\/2022. Durata in carica: 3 esercizi (fino all&#8217;approvazione del Bilancio 2024)<br \/>\n<em><strong>Peruzzi Andrea &#8211;\u00a0<\/strong><\/em>Presidente;\u00a0<em><strong>Carmignani Roberta &#8211;\u00a0<\/strong><\/em>VicePresidente;\u00a0<em style=\"font-family: 'Times New Roman'; font-size: 15.2px; font-variant-ligatures: normal; font-variant-caps: normal; font-weight: 400;\"><strong>Benincasa Chiara &#8211;\u00a0<\/strong><\/em><span style=\"font-family: 'Times New Roman'; font-size: 15.2px; font-style: normal; font-variant-ligatures: normal; font-variant-caps: normal; font-weight: 400;\">Consigliere;\u00a0<\/span><em style=\"font-family: 'Times New Roman'; font-size: 15.2px; font-variant-ligatures: normal; font-variant-caps: normal; font-weight: 400; text-indent: 0em;\"><strong>Franceschi Fabrizio &#8211;\u00a0<\/strong><\/em><span style=\"font-family: 'Times New Roman'; font-size: 15.2px; font-style: normal; font-variant-ligatures: normal; font-variant-caps: normal; font-weight: 400; text-indent: 0em;\">Consigliere;\u00a0<\/span><em style=\"font-family: 'Times New Roman'; font-size: 15.2px; font-variant-ligatures: normal; font-variant-caps: normal; font-weight: 400; text-indent: 0em;\"><strong>Francesconi Andrea &#8211;\u00a0<\/strong><\/em><span style=\"font-family: 'Times New Roman'; font-size: 15.2px; font-style: normal; font-variant-ligatures: normal; font-variant-caps: normal; font-weight: 400; text-indent: 0em;\">Consigliere;\u00a0<\/span><em style=\"font-family: 'Times New Roman'; font-size: 15.2px; font-variant-ligatures: normal; font-variant-caps: normal; font-weight: 400; text-indent: 0em;\"><strong>Frediani Penny &#8211;<\/strong><\/em><span style=\"font-family: 'Times New Roman'; font-size: 15.2px; font-style: normal; font-variant-ligatures: normal; font-variant-caps: normal; font-weight: 400; text-indent: 0em;\">Consigliere;\u00a0<\/span><em style=\"text-indent: 0em;\"><strong>Ramacciotti Sauro &#8211;\u00a0<\/strong><\/em><span style=\"text-indent: 0em;\">Consigliere.\u00a0<\/span><\/p>\n<p>3 &#8211; <strong>Collegio dei Sindaci e revisione contabile<\/strong><br \/>\n<em>Dott.\u00a0<\/em><em style=\"font-family: 'Times New Roman'; font-size: 15.2px; font-variant-ligatures: normal; font-variant-caps: normal; font-weight: 400;\">Gemignani\u00a0<\/em><em style=\"text-indent: 0em;\">Andrea\u00a0 (Presidente del Collegio) &#8211;\u00a0<\/em><em style=\"text-indent: 0em;\">Dott.ssa\u00a0<\/em><em style=\"font-family: 'Times New Roman'; font-size: 15.2px; font-variant-ligatures: normal; font-variant-caps: normal; font-weight: 400; text-indent: 0em;\">Baldini\u00a0<\/em><em style=\"text-indent: 0em;\">Monica Barbara\u00a0 e\u00a0<\/em><em style=\"text-indent: 0em;\">Dott.ssa\u00a0<\/em><em style=\"font-family: 'Times New Roman'; font-size: 15.2px; font-variant-ligatures: normal; font-variant-caps: normal; font-weight: 400; text-indent: 0em;\">Pardini\u00a0<\/em><em style=\"text-indent: 0em;\">Francesca\u00a0 (Sindaci effettivi) &#8211; Dott.ssa\u00a0<\/em><em style=\"font-family: 'Times New Roman'; font-size: 15.2px; font-variant-ligatures: normal; font-variant-caps: normal; font-weight: 400; text-indent: 0em;\">Canovetti\u00a0<\/em><em style=\"text-indent: 0em;\">Laura\u00a0 e\u00a0 Dott.ssa\u00a0<\/em><em style=\"font-family: 'Times New Roman'; font-size: 15.2px; font-variant-ligatures: normal; font-variant-caps: normal; font-weight: 400; text-indent: 0em;\">Cassone B<\/em><em style=\"text-indent: 0em;\">eatrice (Sindaci Supplenti).<\/em><\/p>\n","protected":false},"excerpt":{"rendered":"<p>La storia C.RE.A. \u00e8 una cooperativa sociale di tipo A + B attiva in provincia di Lucca dal 1982. Nasce nella Darsena di Viareggio, nell\u2019ambito dell\u2019attivit\u00e0 del \u201cCapannone\u201d promossa da don Sirio Politi, condivisa da altri tre preti operai e, in seguito, da alcuni artigiani, per dare spazio ed attenzione &hellip;<\/p>\n","protected":false},"author":1,"featured_media":0,"parent":0,"menu_order":0,"comment_status":"closed","ping_status":"closed","template":"","meta":{"footnotes":""},"class_list":["post-1103","page","type-page","status-publish","hentry"],"_links":{"self":[{"href":"https:\/\/coopcrea.it\/index.php\/wp-json\/wp\/v2\/pages\/1103","targetHints":{"allow":["GET"]}}],"collection":[{"href":"https:\/\/coopcrea.it\/index.php\/wp-json\/wp\/v2\/pages"}],"about":[{"href":"https:\/\/coopcrea.it\/index.php\/wp-json\/wp\/v2\/types\/page"}],"author":[{"embeddable":true,"href":"https:\/\/coopcrea.it\/index.php\/wp-json\/wp\/v2\/users\/1"}],"replies":[{"embeddable":true,"href":"https:\/\/coopcrea.it\/index.php\/wp-json\/wp\/v2\/comments?post=1103"}],"version-history":[{"count":15,"href":"https:\/\/coopcrea.it\/index.php\/wp-json\/wp\/v2\/pages\/1103\/revisions"}],"predecessor-version":[{"id":5423,"href":"https:\/\/coopcrea.it\/index.php\/wp-json\/wp\/v2\/pages\/1103\/revisions\/5423"}],"wp:attachment":[{"href":"https:\/\/coopcrea.it\/index.php\/wp-json\/wp\/v2\/media?parent=1103"}],"curies":[{"name":"wp","href":"https:\/\/api.w.org\/{rel}","templated":true}]}}