{"id":1105,"date":"2017-08-10T16:00:56","date_gmt":"2017-08-10T14:00:56","guid":{"rendered":"http:\/\/coopcrea.it\/wp-new\/?page_id=1105"},"modified":"2022-06-27T14:41:56","modified_gmt":"2022-06-27T12:41:56","slug":"statuto-e-regolamento-interno","status":"publish","type":"page","link":"https:\/\/coopcrea.it\/index.php\/statuto-e-regolamento-interno\/","title":{"rendered":"Statuto e Regolamento interno"},"content":{"rendered":"<p>&nbsp;<\/p>\n<p>La Cooperativa C.RE.A si costituisce nel 1982 e gestisce servizi socio sanitari ed educativi dalla fine degli anni Ottanta. Lo statuto costituisce la fonte delle regole basilari che i soci si danno per svolgere insieme la loro impresa mutualistica. L&#8217;intero documento \u00e8 consultabile scaricando questo link:\u00a0 <strong><a href=\"http:\/\/coopcrea.it\/wp-new\/wp-content\/uploads\/2017\/08\/STATUTO-28.06.2018.pdf\">STATUTO<\/a><\/strong><\/p>\n<p>I rapporti tra la societ\u00e0 e i soci sono disciplinato dal regolamento interno che determina criteri e regole inerenti allo svolgimento dell&#8217;attivit\u00e0 mutualistica tra l&#8217;attivit\u00e0 e i soci. C.RE.A si \u00e8 dotata, cos\u00ec come previsto dall&#8217;art. 2521 c.c. di un regolamento interno, consultabile scaricando questo link: <strong><a href=\"https:\/\/coopcrea.it\/wp-new\/wp-content\/uploads\/2017\/08\/Regolamento-interno_CREA_23.06.2022.pdf\">REGOLAMENTO INTERNO<\/a>\u00a0(versione 23.06.2022)<\/strong><b id=\"\u201dRI\u201d\"><br \/>\n<\/b><\/p>\n<p>&nbsp;<\/p>\n<p>&nbsp;<\/p>\n","protected":false},"excerpt":{"rendered":"<p>&nbsp; La Cooperativa C.RE.A si costituisce nel 1982 e gestisce servizi socio sanitari ed educativi dalla fine degli anni Ottanta. Lo statuto costituisce la fonte delle regole basilari che i soci si danno per svolgere insieme la loro impresa mutualistica. L&#8217;intero documento \u00e8 consultabile scaricando questo link:\u00a0 STATUTO I rapporti &hellip;<\/p>\n","protected":false},"author":1,"featured_media":0,"parent":0,"menu_order":0,"comment_status":"closed","ping_status":"closed","template":"","meta":{"footnotes":""},"class_list":["post-1105","page","type-page","status-publish","hentry"],"_links":{"self":[{"href":"https:\/\/coopcrea.it\/index.php\/wp-json\/wp\/v2\/pages\/1105","targetHints":{"allow":["GET"]}}],"collection":[{"href":"https:\/\/coopcrea.it\/index.php\/wp-json\/wp\/v2\/pages"}],"about":[{"href":"https:\/\/coopcrea.it\/index.php\/wp-json\/wp\/v2\/types\/page"}],"author":[{"embeddable":true,"href":"https:\/\/coopcrea.it\/index.php\/wp-json\/wp\/v2\/users\/1"}],"replies":[{"embeddable":true,"href":"https:\/\/coopcrea.it\/index.php\/wp-json\/wp\/v2\/comments?post=1105"}],"version-history":[{"count":21,"href":"https:\/\/coopcrea.it\/index.php\/wp-json\/wp\/v2\/pages\/1105\/revisions"}],"predecessor-version":[{"id":5413,"href":"https:\/\/coopcrea.it\/index.php\/wp-json\/wp\/v2\/pages\/1105\/revisions\/5413"}],"wp:attachment":[{"href":"https:\/\/coopcrea.it\/index.php\/wp-json\/wp\/v2\/media?parent=1105"}],"curies":[{"name":"wp","href":"https:\/\/api.w.org\/{rel}","templated":true}]}}