{"id":1107,"date":"2017-08-10T16:01:08","date_gmt":"2017-08-10T14:01:08","guid":{"rendered":"http:\/\/coopcrea.it\/wp-new\/?page_id=1107"},"modified":"2024-07-05T16:12:34","modified_gmt":"2024-07-05T14:12:34","slug":"organizzazione","status":"publish","type":"page","link":"https:\/\/coopcrea.it\/index.php\/organizzazione\/","title":{"rendered":"Organizzazione"},"content":{"rendered":"<p><strong><span style=\"color: #993366;\">ORGANIGRAMMA<br \/><img loading=\"lazy\" decoding=\"async\" class=\"alignnone size-full wp-image-1788\" src=\"http:\/\/coopcrea.it\/wp-new\/wp-content\/uploads\/2017\/08\/logo-organigramma-300x199.jpg\" alt=\"\" width=\"300\" height=\"199\" \/><br \/><\/span><\/strong><\/p>\n<p>Attualmente C.RE.A. dispone di una struttura organizzativa articolata a supporto e garanzia degli standard qualitativi dei servizi e del miglioramento continuo delle prestazioni. Il complesso degli amministratori e tecnici \u00e8 organizzato in modo da dare il massimo supporto ai soci-lavoratori impegnati nei servizi; con questa finalit\u00e0 sono impiegate anche professionalit\u00e0 e competenze specifiche del personale operante nei servizi (psicologi, esperti di animazione teatrale, esperti di conduzione di gruppi, \u2026).\u00a0Nell\u2019ambito del Sistema Qualit\u00e0 sono definiti per ogni funzione aziendale mansioni, compiti e responsabilit\u00e0.<\/p>\n<p>\u00a0<\/p>\n<p>&#8212;&#8212;&#8212;&#8212;&#8212;&#8212;&#8212;&#8212;&#8212;&#8212;&#8212;&#8212;&#8212;&#8212;&#8212;&#8212;&#8212;&#8212;&#8212;&#8212;&#8212;&#8212;&#8212;&#8212;&#8212;&#8212;&#8212;&#8212;&#8212;&#8212;&#8212;&#8212;&#8212;&#8212;&#8212;&#8212;&#8212;&#8212;&#8212;&#8212;&#8212;&#8212;&#8212;&#8212;&#8212;&#8212;&#8212;&#8212;&#8212;&#8212;<\/p>\n<p><span style=\"color: #993366;\"><b>SISTEMA DI GESTIONE INTEGRATO PER LA QUALITA&#8217;, L&#8217;AMBIENTE E LA PARITA&#8217; DI GENERE<\/b><\/span><\/p>\n<p>\u00a0<\/p>\n<p><strong><a href=\"http:\/\/coopcrea.it\/wp-new\/wp-content\/uploads\/2017\/08\/ISO-9001-ISO-14001_col.jpg\"><img loading=\"lazy\" decoding=\"async\" class=\"alignnone wp-image-3153\" src=\"http:\/\/coopcrea.it\/wp-new\/wp-content\/uploads\/2017\/08\/ISO-9001-ISO-14001_col.jpg\" alt=\"\" width=\"187\" height=\"152\" srcset=\"https:\/\/coopcrea.it\/wp-new\/wp-content\/uploads\/2017\/08\/ISO-9001-ISO-14001_col.jpg 1701w, https:\/\/coopcrea.it\/wp-new\/wp-content\/uploads\/2017\/08\/ISO-9001-ISO-14001_col-300x244.jpg 300w, https:\/\/coopcrea.it\/wp-new\/wp-content\/uploads\/2017\/08\/ISO-9001-ISO-14001_col-768x624.jpg 768w, https:\/\/coopcrea.it\/wp-new\/wp-content\/uploads\/2017\/08\/ISO-9001-ISO-14001_col-1024x832.jpg 1024w, https:\/\/coopcrea.it\/wp-new\/wp-content\/uploads\/2017\/08\/ISO-9001-ISO-14001_col-246x200.jpg 246w\" sizes=\"auto, (max-width: 187px) 100vw, 187px\" \/><\/a><a href=\"https:\/\/coopcrea.it\/wp-new\/wp-content\/uploads\/2017\/08\/UNI-PDR125_col.jpg\"><img loading=\"lazy\" decoding=\"async\" class=\"alignnone wp-image-5939\" src=\"https:\/\/coopcrea.it\/wp-new\/wp-content\/uploads\/2017\/08\/UNI-PDR125_col.jpg\" alt=\"\" width=\"187\" height=\"152\" srcset=\"https:\/\/coopcrea.it\/wp-new\/wp-content\/uploads\/2017\/08\/UNI-PDR125_col.jpg 1701w, https:\/\/coopcrea.it\/wp-new\/wp-content\/uploads\/2017\/08\/UNI-PDR125_col-300x244.jpg 300w, https:\/\/coopcrea.it\/wp-new\/wp-content\/uploads\/2017\/08\/UNI-PDR125_col-768x624.jpg 768w, https:\/\/coopcrea.it\/wp-new\/wp-content\/uploads\/2017\/08\/UNI-PDR125_col-1024x832.jpg 1024w, https:\/\/coopcrea.it\/wp-new\/wp-content\/uploads\/2017\/08\/UNI-PDR125_col-246x200.jpg 246w\" sizes=\"auto, (max-width: 187px) 100vw, 187px\" \/><\/a><\/strong><\/p>\n<p><strong>Sistema Qualit\u00e0 certificato UNI EN ISO 9001:2015, UNI EN ISO 14001:2015, UNI\/PdR 125:2022<\/strong><br \/>MISURE PER GARANTIRE LA PARITA&#8217; DI GENERE NEL SEGUENTE CONTESTO LAVORATIVO: PROGETTAZIONE ED EROGAZIONE DI SERVIZI EDUCATIVI E SOCIO ASSISTENZIALI PER INFANZIA, MINORI, DISABILI, ANZIANI E CITTADINI STRANIERI IN REGIME RESIDENZIALE, SEMIRESIDENZIALE, DOMICILIARE e ALTRI SERVIZI ALLA PERSONA<\/p>\n<p><strong><a href=\"https:\/\/coopcrea.it\/wp-new\/wp-content\/uploads\/2017\/08\/crea-9001_2024_28.pdf\">CERT UNI EN ISO 9001:2015<\/a><\/strong><\/p>\n<p><strong><a href=\"https:\/\/coopcrea.it\/wp-new\/wp-content\/uploads\/2017\/08\/crea-14001_2027.pdf\">CERT UNI EN ISO 14001:2015<\/a><\/strong><\/p>\n<p><strong><a href=\"https:\/\/coopcrea.it\/wp-new\/wp-content\/uploads\/2017\/08\/certificato-pdr-125-2022.pdf\">UNI\/PdR 125:2022<\/a><\/strong><\/p>\n<p><strong>Certificazioni di settore\u00a0<\/strong><br \/><a href=\"https:\/\/coopcrea.it\/wp-new\/wp-content\/uploads\/2017\/08\/certificate-signed.pdf\">UNI 11034 &#8211; Servizi all&#8217;infanzia<\/a><\/p>\n<p><a href=\"https:\/\/coopcrea.it\/wp-new\/wp-content\/uploads\/2024\/07\/certificato-11010_scad.-2027.pdf\">UNI 11010 &#8211; Servizi residenziali e diurni per persone con disabilit\u00e0<\/a><\/p>\n<p><a href=\"https:\/\/coopcrea.it\/wp-new\/wp-content\/uploads\/2024\/07\/certificato-10881_scad-2027-1.pdf\">UNI 10881 &#8211; Assistenza residenziale agli anziani<\/a><\/p>\n<p>&#8212;&#8212;&#8212;&#8212;&#8212;&#8212;&#8212;&#8212;&#8212;&#8212;&#8212;&#8212;&#8212;&#8212;&#8212;&#8212;&#8212;&#8212;&#8212;&#8212;&#8212;&#8212;&#8212;&#8212;&#8212;&#8212;&#8212;&#8212;&#8212;&#8212;&#8212;&#8212;&#8212;&#8212;&#8212;&#8212;&#8212;&#8212;&#8211;<\/p>\n<p><span style=\"color: #993366;\"><strong>POLITICA PER LA QUALITA&#8217;, l&#8217;AMBIENTE e per la PARITA&#8217; DI GENERE<\/strong><\/span><\/p>\n<p>E&#8217; il documento fondamentale della Cooperativa che orienta l\u2019intero sistema di gestione integrata. Il CdA ha, con l&#8217;aggiornamento di Giugno 2018, voluto rafforzare l&#8217;integrazione del Modello di Gestione adottato dalla cooperativa. Fra le novit\u00e0 anche il riferimento all\u2019applicazione del modello organizzativo conforme al D.Lgs 231\/01 sulla responsabilit\u00e0 degli Enti, con l\u2019approvazione di un Codice Etico che, richiamato dalla Politica per la Qualit\u00e0, ne fa parte integrante. Nell&#8217;aggiornamento del settembre 2020, la cooperativa si impegna, ad ogni livello\u00a0della propria organizzazione, ad erogare le prestazioni nel rispetto della persona e dei suoi diritti,\u00a0adottando altres\u00ec adeguate azioni di prevenzione e contrasto ad ogni forma di maltrattamento o\u00a0violenza nei suoi confronti. Con l&#8217;aggiornamento del 2023 la coop.va\u00a0intende assicurare alle persone che collaborano al proprio interno la parit\u00e0 nelle sue\u00a0diverse declinazioni, in termini di presenza, inclusione, trattamento contrattuale ed economico,\u00a0percorso professionale, attenzione alle esigenze di conciliazione vita-lavoro.<\/p>\n<p><strong>Politica per la Qualit\u00e0, per l&#8217;Ambiente e per la Parit\u00e0 di Genere<\/strong>\u00a0<a href=\"https:\/\/coopcrea.it\/wp-new\/wp-content\/uploads\/2017\/08\/Politica-per-la-Qualit\u00e0-e-per-lAmbiente-19.04.2023.pdf\">19.04.2023<\/a><\/p>\n<p>&#8212;&#8212;&#8212;&#8212;&#8212;&#8212;&#8212;&#8212;&#8212;&#8212;&#8212;&#8212;&#8212;&#8212;&#8212;&#8212;&#8212;&#8212;&#8212;&#8212;&#8212;&#8212;&#8212;&#8212;&#8212;&#8212;&#8212;&#8212;&#8212;&#8212;&#8212;&#8212;&#8212;&#8212;&#8212;&#8212;&#8212;&#8212;&#8212;&#8212;&#8212;&#8212;&#8212;&#8212;&#8212;&#8212;&#8212;&#8212;&#8212;&#8212;&#8212;<\/p>\n<p><strong><span style=\"color: #993366;\">MODELLO DI ORGANIZZAZIONE, GESTIONE E CONTROLLO D.LGS. 231\/2001<\/span>\u00a0<\/strong><\/p>\n<p>Il Consiglio di Amministrazione, con delibera\u00a0unanime del 06 dicembre 2017, ha adottato il MODELLO DI ORGANIZZAZIONE, GESTIONE E CONTROLLO per la prevenzione dei reati\u00a0<em>ex<\/em> D.Lgs n. 231\/2001.<\/p>\n<p>Il CdA ha nominato l&#8217;<strong>Organismo di Vigilanza<\/strong> che \u00e8 composto da:<\/p>\n<ul>\n<li>Palestini Andrea, Presidente dell&#8217;OdV<\/li>\n<li>Ceragioli Valentina, Componente OdV<\/li>\n<li>Simonelli Giovanna, Componente OdV<\/li>\n<\/ul>\n<p>E&#8217; possibile contattare l&#8217;Organismo di Vigilanza all&#8217;indirizzo di posta elettronica: <strong>odv@coopcrea.it<\/strong><\/p>\n<p>\u00a0<\/p>\n\n\n\n","protected":false},"excerpt":{"rendered":"<p>ORGANIGRAMMA Attualmente C.RE.A. dispone di una struttura organizzativa articolata a supporto e garanzia degli standard qualitativi dei servizi e del miglioramento continuo delle prestazioni. Il complesso degli amministratori e tecnici \u00e8 organizzato in modo da dare il massimo supporto ai soci-lavoratori impegnati nei servizi; con questa finalit\u00e0 sono impiegate anche &hellip;<\/p>\n","protected":false},"author":1,"featured_media":0,"parent":0,"menu_order":0,"comment_status":"closed","ping_status":"closed","template":"","meta":{"footnotes":""},"class_list":["post-1107","page","type-page","status-publish","hentry"],"_links":{"self":[{"href":"https:\/\/coopcrea.it\/index.php\/wp-json\/wp\/v2\/pages\/1107","targetHints":{"allow":["GET"]}}],"collection":[{"href":"https:\/\/coopcrea.it\/index.php\/wp-json\/wp\/v2\/pages"}],"about":[{"href":"https:\/\/coopcrea.it\/index.php\/wp-json\/wp\/v2\/types\/page"}],"author":[{"embeddable":true,"href":"https:\/\/coopcrea.it\/index.php\/wp-json\/wp\/v2\/users\/1"}],"replies":[{"embeddable":true,"href":"https:\/\/coopcrea.it\/index.php\/wp-json\/wp\/v2\/comments?post=1107"}],"version-history":[{"count":47,"href":"https:\/\/coopcrea.it\/index.php\/wp-json\/wp\/v2\/pages\/1107\/revisions"}],"predecessor-version":[{"id":6488,"href":"https:\/\/coopcrea.it\/index.php\/wp-json\/wp\/v2\/pages\/1107\/revisions\/6488"}],"wp:attachment":[{"href":"https:\/\/coopcrea.it\/index.php\/wp-json\/wp\/v2\/media?parent=1107"}],"curies":[{"name":"wp","href":"https:\/\/api.w.org\/{rel}","templated":true}]}}