{"id":1117,"date":"2017-08-10T16:03:27","date_gmt":"2017-08-10T14:03:27","guid":{"rendered":"http:\/\/coopcrea.it\/wp-new\/?page_id=1117"},"modified":"2025-09-22T13:11:31","modified_gmt":"2025-09-22T11:11:31","slug":"minori","status":"publish","type":"page","link":"https:\/\/coopcrea.it\/index.php\/minori\/","title":{"rendered":"Minori"},"content":{"rendered":"<p>La Cooperativa gestisce servizi socio educativi per minori:<\/p>\n<p><span style=\"color: #000080;\"><strong>COMUNITA&#8217; RESIDENZIALI e SERVIZI SEMIRESIDENZIALI\u00a0<\/strong><\/span><\/p>\n<p><span style=\"color: #0000ff;\"><strong>CENTRI INFANZIA ADOLESCENZA FAMIGLIA (CIAF) e SERVIZI TERRITORIALI<\/strong><\/span><\/p>\n<p><span style=\"color: #3366ff;\"><strong>CENTRI DI AGGREGAZIONE GIOVANILE\u00a0<\/strong><\/span><\/p>\n<p><span style=\"color: #008080;\"><strong>SERVIZI ALL&#8217;INFANZIA<\/strong><\/span><\/p>\n<p><strong><span style=\"color: #000080;\">COMUNITA&#8217; EDUCATIVA A DIMENSIONE FAMILIARE PER MINORI e SERVIZIO SEMIRESIDENZIALE (CENTRO DIURNO e di socializzazione per minori)<\/span>\u00a0 &#8211; &#8220;LA GINESTRA&#8221;<\/strong><\/p>\n<p>via della Gronda, 147 &#8211; 55049 Viareggio (LU) &#8211; comunitaginestra@coopcrea.it &#8211; comunitaginestra@pec.it<br \/>\ntel. 0584.346998<\/p>\n<p>La Comunit\u00e0 Educativa per Minori \u00e8 stata gestita dal 1991 all&#8217;aprile 2021 dalla cooperativa sociale C.RE.A. Prima in regime di convenzione con il Comune di Viareggio, dal novembre 2015 in regime di concessione fino al 2021. Il servizio \u00e8 di nuovo gestito dalla cooperativa dal 01 settembre 2025 presso l&#8217;immobile di propriet\u00e0 denominato &#8220;La Ginestra&#8221;<\/p>\n<p>A) La Comunit\u00e0 a dimensione familiare accoglie minori di et\u00e0 8-18 anni per i quali la permanenza nelle famiglie di origine sia temporaneamente impossibile, accolti sulla base di provvedimento e\/o intervento disposto dall&#8217;autorit\u00e0 giudiziaria o dai Servizi Sociali competenti per zona (ex art. 403 c.c.). La Comunit\u00e0 ha 11 posti disponibili, di cui 2 riservati alla pronta accoglienza.<\/p>\n<p>B) Il Centro Diurno svolge attivit\u00e0 di accoglienza semiresidenziale per minori di entrambi i sessi di et\u00e0 8-17 anni nell&#8217;ottica di integrazione con i servizi territoriali. Pu\u00f2 accogliere temporaneamente 10 minori perseguendo l&#8217;equilibrata crescita psico-fisica dei minori accolti.<\/p>\n<p><span style=\"color: #0000ff;\"><strong>CENTRI INFANZIA ADOLESCENZA FAMIGLIA (CIAF) e SERVIZI TERRITORIALI<\/strong><\/span><\/p>\n<p><strong>CIAF CeccoRivolta<\/strong><br \/>\nvia Vittorio Emanuele, 132 &#8211; 55041 Camaiore (LU) Tel. 0584 984647 &#8211; <span style=\"color: #800000;\">kamaleonticrea@gmail.com<\/span><br \/>\nIl centro Infanzia Adolescenza Famiglia \u00e8 gestito in convenzione con l&#8217;ufficio dei Servizi Sociali del comune di Camaiore.\u00a0La finalit\u00e0 principale del centro \u00e8 favorire la crescita personale e l\u2019autonomia attraverso il gioco e le attivit\u00e0 creative in un contesto dove il gruppo \u00e8 elemento indispensabile ed insostituibile per sostenere i processi educativi.<br \/>\n<strong><span style=\"color: #993366;\">Destinatari<\/span>:<\/strong> Il Centro \u00e8 rivolto a bambini e bambine tra i 4 e i 12 anni, residenti nel Comune di Camaiore. E\u2019 prevista la compresenza di massimo 25 bambini\/e che possono frequentare il Centro in maniera continuativa, per un periodo o in relazione a specifiche attivit\u00e0 proposte.<br \/>\n<strong><span style=\"color: #993366;\">Attivit\u00e0\/servizi offerti<\/span>:<\/strong> Le attivit\u00e0 del centro si distinguono principalmente in: interna (rivolta ai bambini\/e che frequentano il Centro e alle famiglie) ed esterna (rivolta al territorio, in collegamento con la rete dei servizi e delle realt\u00e0 associative del territorio). Il CIAF \u00e8 punto di raccordo tra le varie attivit\u00e0 del territorio rivolte ai ragazzi e alle famiglie e, come tale, rappresenta un osservatorio privilegiato per la rilevazione dei bisogni.<br \/>\n<strong><span style=\"color: #993366;\">Orario<\/span>:<\/strong> Il servizio \u00e8 aperto 5 giorni alla settimana &#8211; dal luned\u00ec al venerd\u00ec &#8211; dalle ore 14:30 alle ore 18:30. Nel periodo estivo, in relazione alla frequenza scolastica, viene fatta una revisione dell&#8217;orario di apertura.<\/p>\n<p><strong>EDUCATIVA TERRITORIALE<\/strong>\u00a0 &#8211; <strong><em><a href=\"http:\/\/coopcrea.it\/wp-new\/wp-content\/uploads\/2017\/08\/Carta-del-Servizio-ET-01.09.16.pdf\">Carta del Servizio ET 01.09.16<\/a><\/em><\/strong><\/p>\n<p>via del Bertacchino, 164 &#8211; 55054 Massarosa (LU) Tel. 0584976554 &#8211; <span style=\"color: #800000;\">educativamassarosa@gmail.com<\/span><br \/>\nIl servizio \u00e8 gestito in convenzione con l&#8217;ufficio dei Servizi Sociali del Comune di Massarosa.<br \/>\n<strong><span style=\"color: #993366;\">Destinatari<\/span>:<\/strong> Minori e famiglie residenti nel Comune di Massarosa.<br \/>\nAttivit\u00e0\/servizi offerti: L&#8217;attivit\u00e0 \u00e8 finalizzata a promuovere il valore individuale ed il ruolo sociale del minore e della sua famiglia attraverso l&#8217;ascolto, l\u2019intervento educativo ed il supporto all&#8217;esercizio del diritto a vivere nel proprio contesto di vita secondo le proprie possibilit\u00e0 e aspirazioni.<\/p>\n<p><span style=\"color: #3366ff;\"><strong>CENTRI DI AGGREGAZIONE GIOVANILE<\/strong><\/span><\/p>\n<p><strong>CAG Kamaleonti<\/strong><br \/>\nvia Tabarrani, 12 c\/o Oratorio Il Colosseo &#8211;\u00a055041 Camaiore (LU) Tel. 347.0686602\u00a0&#8211;\u00a0<span style=\"color: #800000;\">kamaleonticrea@gmail.com<\/span><br \/>\nIl Centro Kamaleonti fa parte del sistema dei servizi rivolti all\u2019infanzia, adolescenza e famiglia del Comune di Camaiore ed \u00e8 gestito in convenzione con l&#8217;Ufficio dei Servizi Sociali comunali.<br \/>\n<strong><span style=\"color: #993366;\">Destinatari<\/span>:<\/strong> Il centro \u00e8 aperto a ragazze e ragazzi da 11 a 18 anni residenti nel comune di Camaiore.<br \/>\n<strong><span style=\"color: #993366;\">Attivit\u00e0\/servizi offerti<\/span>:<\/strong> Il Centro Kamaleonti consiste in una serie di opportunit\u00e0 di aggregazione che si realizzano in un contesto organizzato, che propone vincoli (regole, orari, ..), ma anche risorse educative e strutturali che possono essere liberamente utilizzate dalle ragazze e dai ragazzi. Mette a disposizione spazi di animazione e di scoperta, ma anche l\u2019occasione di relazioni significative tra coetanei e tra adolescenti e adulti.<br \/>\n<strong><span style=\"color: #993366;\">Orario<\/span>:<\/strong> Il centro \u00e8 aperto dal luned\u00ec al venerd\u00ec dalle 15,00 alle 18,30. Nel periodo estivo l&#8217;orario di apertura viene rivisto in relazione alle attivit\u00e0 programmate e alla disponibilit\u00e0 di tempo dei ragazzi.<\/p>\n<p><strong>CAG Brancaleone<\/strong><br \/>\nPiazza Didala Ghilarducci, via Conca Vecchia c\/o Centro Civico di Piano di Conca &#8211; 55054 Massarosa (LU) Tel. 3405256157 &#8211; cag<span style=\"color: #800000;\">brancaleoneb@gmail.com<\/span><br \/>\n<strong><span style=\"color: #993366;\">Destinatari<\/span>:<\/strong> Il centro \u00e8 aperto a ragazze e ragazzi da 9 ai 17 anni.<br \/>\n<strong><span style=\"color: #993366;\">Attivit\u00e0\/servizi offerti<\/span>:<\/strong> Il Centro consiste in una serie di opportunit\u00e0 di aggregazione che si realizzano in un contesto organizzato, che propone vincoli (regole, orari, ..), ma anche risorse educative e strutturali che possono essere liberamente utilizzate dalle ragazze e dai ragazzi. Mette a disposizione spazi di animazione e di scoperta, ma anche l\u2019occasione di relazioni significative tra coetanei e tra adolescenti e adulti.<br \/>\n<strong><span style=\"color: #993366;\">Orario<\/span>:<\/strong> Il centro \u00e8 aperto nelle giornate di <strong>mercoled\u00ec e venerd\u00ec<\/strong> dalle 15,30 alle 18,30. Nel periodo estivo l&#8217;orario di apertura viene rivisto in relazione alle attivit\u00e0 programmate e alla disponibilit\u00e0 di tempo dei ragazzi.\u00a0Le attivit\u00e0 si svolgono anche presso l&#8217;<strong>Oratorio di Stiava<\/strong> (via del Palazzo 11 a Stiava) con apertura nelle giornate di <strong>marted\u00ec e gioved\u00ec<\/strong> in orario 15,30-18,30<\/p>\n<p><strong>CAG Torre del Lago<\/strong><br \/>\nvia Dante Alighieri 23 (c\/o ex Biblioteca Comunale) &#8211; 55049 Torre del Lago (LU) Tel. 347.0696092 &#8211; manchisolotutdl@gmail.com<br \/>\n<strong><span style=\"color: #993366;\">Destinatari<\/span>:<\/strong> Il centro \u00e8 aperto a ragazze e ragazzi dai 9 a 17 anni<br \/>\n<strong><span style=\"color: #993366;\">Attivit\u00e0\/servizi offerti<\/span>:<\/strong> Il Centro consiste in una serie di opportunit\u00e0 di aggregazione che si realizzano in un contesto organizzato, che propone vincoli (regole, orari, ..), ma anche risorse educative e strutturali che possono essere liberamente utilizzate dalle ragazze e dai ragazzi. Mette a disposizione spazi di animazione e di scoperta, ma anche l\u2019occasione di relazioni significative tra coetanei e tra adolescenti e adulti.<br \/>\n<strong><span style=\"color: #993366;\">Orario<\/span>:<\/strong> Il centro \u00e8 aperto dal luned\u00ec al venerd\u00ec dalle 14.30 alle 18.15. Nel periodo estivo l&#8217;orario di apertura viene rivisto in relazione alle attivit\u00e0 programmate e alla disponibilit\u00e0 di tempo dei ragazzi.<\/p>\n<p><span style=\"color: #339966;\"><strong>SERVIZI ALL&#8217;INFANZIA<\/strong><\/span><\/p>\n<p><strong>ASILO NIDO &#8220;Arcobaleno&#8221; &#8211; VIAREGGIO<\/strong><\/p>\n<p>via Virgilio 29 &#8211; 55049 Viareggio (Lucca)<br \/>\ntel. 0584 383911 &#8211; nidoarcobaleno@icare.it<br \/>\nIl servizio educativo \u00e8 gestito dalla cooperativa in Associazione Temporanea d&#8217;Impresa con le cooperative La Gardenia e La Salute in convenzione con ICare Viareggio<\/p>\n<p><strong>Destinatari:<\/strong> L&#8217;Asilo Nido &#8220;Arcobaleno&#8221; accoglie 2 sezioni: piccoli (17 bambini 3-18 mesi) e grandi (29 bambini -18-36 mesi) residenti nel Comune di Viareggio.<br \/>\n<strong>Orario del servizio:<\/strong> Il Nido \u00e8 aperto con orario 07,30-16,00 dal luned\u00ec al venerd\u00ec.<\/p>\n<p>Nell&#8217;ambito della convenzione con ICare Viareggio, la cooperativa svolge anche il Sostegno educativo per i bambini certificati ai sensi della Legge 104\/92 frequentanti i Nidi d\u2019Infanzia comunali.<\/p>\n","protected":false},"excerpt":{"rendered":"<p>La Cooperativa gestisce servizi socio educativi per minori: COMUNITA&#8217; RESIDENZIALI e SERVIZI SEMIRESIDENZIALI\u00a0 CENTRI INFANZIA ADOLESCENZA FAMIGLIA (CIAF) e SERVIZI TERRITORIALI CENTRI DI AGGREGAZIONE GIOVANILE\u00a0 SERVIZI ALL&#8217;INFANZIA COMUNITA&#8217; EDUCATIVA A DIMENSIONE FAMILIARE PER MINORI e SERVIZIO SEMIRESIDENZIALE (CENTRO DIURNO e di socializzazione per minori)\u00a0 &#8211; &#8220;LA GINESTRA&#8221; via della Gronda, &hellip;<\/p>\n","protected":false},"author":1,"featured_media":0,"parent":0,"menu_order":0,"comment_status":"closed","ping_status":"closed","template":"","meta":{"footnotes":""},"class_list":["post-1117","page","type-page","status-publish","hentry"],"_links":{"self":[{"href":"https:\/\/coopcrea.it\/index.php\/wp-json\/wp\/v2\/pages\/1117","targetHints":{"allow":["GET"]}}],"collection":[{"href":"https:\/\/coopcrea.it\/index.php\/wp-json\/wp\/v2\/pages"}],"about":[{"href":"https:\/\/coopcrea.it\/index.php\/wp-json\/wp\/v2\/types\/page"}],"author":[{"embeddable":true,"href":"https:\/\/coopcrea.it\/index.php\/wp-json\/wp\/v2\/users\/1"}],"replies":[{"embeddable":true,"href":"https:\/\/coopcrea.it\/index.php\/wp-json\/wp\/v2\/comments?post=1117"}],"version-history":[{"count":31,"href":"https:\/\/coopcrea.it\/index.php\/wp-json\/wp\/v2\/pages\/1117\/revisions"}],"predecessor-version":[{"id":7047,"href":"https:\/\/coopcrea.it\/index.php\/wp-json\/wp\/v2\/pages\/1117\/revisions\/7047"}],"wp:attachment":[{"href":"https:\/\/coopcrea.it\/index.php\/wp-json\/wp\/v2\/media?parent=1117"}],"curies":[{"name":"wp","href":"https:\/\/api.w.org\/{rel}","templated":true}]}}