{"id":1119,"date":"2017-08-10T16:03:41","date_gmt":"2017-08-10T14:03:41","guid":{"rendered":"http:\/\/coopcrea.it\/wp-new\/?page_id=1119"},"modified":"2023-03-31T16:15:37","modified_gmt":"2023-03-31T14:15:37","slug":"migranti","status":"publish","type":"page","link":"https:\/\/coopcrea.it\/index.php\/migranti\/","title":{"rendered":"Migranti"},"content":{"rendered":"<p><span style=\"color: #000080;\"><strong>MEDIAZIONE SCOLASTICA<\/strong><\/span><\/p>\n<p>via Virgilio, 222 &#8211; Viareggio (LU) &#8211; Tel. 0584 384077 &#8211; cittadini.stranieri@coopcrea.it<\/p>\n<p>Il servizio di <strong>Mediazione Linguistico Culturale<\/strong> nelle scuole della Versilia \u00e8 attivo dal 2002; \u00e8 stato promosso dalla Conferenza dei Sindaci versiliese prima e dalla Societ\u00e0 della Salute oggi e gestito dalla cooperativa in convenzione con il comune di Viareggio.\u00a0La mediazione scolastica si pone l&#8217;obiettivo di favorire l&#8217;inserimento nel gruppo classe dei minori stranieri che hanno difficolt\u00e0 linguistiche per un basso livello di conoscenza della lingua italiana: il mediatore diventa un &#8220;ponte&#8221; fra la scuola e la famiglia di origine del minore mediando fra la cultura di origine ed il nostro paese.<br \/>\n<strong><span style=\"color: #993366;\">Destinatari<\/span>:<\/strong> minori stranieri delle scuole della Versilia.<\/p>\n<p>&nbsp;<\/p>\n<p><span style=\"color: #0000ff;\"><strong> MEDIAZIONE INTERCULTURALE<\/strong><\/span><br \/>\n<strong>CONSULTORIO ASL TOSCANA NORD OVEST<\/strong> &#8211; Zona Distretto Viareggio<br \/>\nc\/o DISTRETTO ex Ospedale Tabarracci, Viareggio &#8211; cittadini.stranieri@coopcrea.it<br \/>\n<strong><span style=\"color: #993366;\">Destinatari<\/span>: <\/strong>donne straniere<br \/>\n<strong><span style=\"color: #993366;\">Orario al pubblico<\/span>: <\/strong>gioved\u00ec pomeriggio<br \/>\n<strong><span style=\"color: #993366;\">Modalit\u00e0 di accesso<\/span>:<\/strong> l\u2019accesso al servizio \u00e8 gestito dall&#8217;ASL<\/p>\n<p>&nbsp;<\/p>\n<p><span style=\"color: #3366ff;\"><strong>CENTRO SERVIZI PER CITTADINI STRANIERI<\/strong><\/span><br \/>\nvia Osterietta, 134 &#8211; 55045 Pietrasanta &#8211; Tel. 340.8342047 (attivo negli orari di apertura del servizio)\u00a0<span style=\"font-family: 'Times New Roman'; font-size: 15.2px; font-style: normal; font-variant-ligatures: normal; font-variant-caps: normal; font-weight: normal;\">&#8211; centroservizi.coopcrea@gmail.com\u00a0<\/span><br \/>\nIl Centro servizi al pubblico per cittadini stranieri costituisce un polo storico nella rete di servizi dedicati all\u2019immigrazione e rientra in una serie di progetti che mirano a intervenire nell\u2019ambito del disagio legato al mondo migratorio e, in generale, al fenomeno delle nuove povert\u00e0. E\u2019 gestito in convenzione con l\u2019Ufficio dei Servizi Sociali del Comune di Pietrasanta.<br \/>\n<strong><span style=\"color: #993366;\">Destinatari:<\/span>\u00a0<\/strong>cittadini stranieri residenti o domiciliati nel comune di Pietrasanta e nei comuni limitrofi.<br \/>\n<strong><span style=\"color: #993366;\">Orario al pubblico<\/span>:<\/strong> luned\u00ec 09,00-12,00, mercoled\u00ec 09,00-12,00, gioved\u00ec 09,00-12,00, venerd\u00ec 09,00-12,00<br \/>\n<strong><span style=\"color: #993366;\">Modalit\u00e0 di accesso<\/span>:<\/strong> l\u2019accesso al servizio \u00e8 gratuito, \u00e8 preferibile\u00a0<span style=\"font-family: 'Times New Roman'; font-size: 16px; font-style: normal; font-variant-ligatures: normal; font-variant-caps: normal; font-weight: 400;\">prenotare un appuntamento via mail o tramite telefonata<\/span><\/p>\n<p><a href=\"https:\/\/coopcrea.it\/wp-new\/wp-content\/uploads\/2017\/08\/Cartolina_23_def.pdf\">scarica la cartolina informativa del centro<\/a><\/p>\n<p>&nbsp;<\/p>\n","protected":false},"excerpt":{"rendered":"<p>MEDIAZIONE SCOLASTICA via Virgilio, 222 &#8211; Viareggio (LU) &#8211; Tel. 0584 384077 &#8211; cittadini.stranieri@coopcrea.it Il servizio di Mediazione Linguistico Culturale nelle scuole della Versilia \u00e8 attivo dal 2002; \u00e8 stato promosso dalla Conferenza dei Sindaci versiliese prima e dalla Societ\u00e0 della Salute oggi e gestito dalla cooperativa in convenzione con &hellip;<\/p>\n","protected":false},"author":1,"featured_media":0,"parent":0,"menu_order":0,"comment_status":"closed","ping_status":"closed","template":"","meta":{"footnotes":""},"class_list":["post-1119","page","type-page","status-publish","hentry"],"_links":{"self":[{"href":"https:\/\/coopcrea.it\/index.php\/wp-json\/wp\/v2\/pages\/1119","targetHints":{"allow":["GET"]}}],"collection":[{"href":"https:\/\/coopcrea.it\/index.php\/wp-json\/wp\/v2\/pages"}],"about":[{"href":"https:\/\/coopcrea.it\/index.php\/wp-json\/wp\/v2\/types\/page"}],"author":[{"embeddable":true,"href":"https:\/\/coopcrea.it\/index.php\/wp-json\/wp\/v2\/users\/1"}],"replies":[{"embeddable":true,"href":"https:\/\/coopcrea.it\/index.php\/wp-json\/wp\/v2\/comments?post=1119"}],"version-history":[{"count":13,"href":"https:\/\/coopcrea.it\/index.php\/wp-json\/wp\/v2\/pages\/1119\/revisions"}],"predecessor-version":[{"id":5809,"href":"https:\/\/coopcrea.it\/index.php\/wp-json\/wp\/v2\/pages\/1119\/revisions\/5809"}],"wp:attachment":[{"href":"https:\/\/coopcrea.it\/index.php\/wp-json\/wp\/v2\/media?parent=1119"}],"curies":[{"name":"wp","href":"https:\/\/api.w.org\/{rel}","templated":true}]}}