{"id":1121,"date":"2017-08-10T16:03:58","date_gmt":"2017-08-10T14:03:58","guid":{"rendered":"http:\/\/coopcrea.it\/wp-new\/?page_id=1121"},"modified":"2020-03-12T11:16:55","modified_gmt":"2020-03-12T10:16:55","slug":"servizi-ai-privati","status":"publish","type":"page","link":"https:\/\/coopcrea.it\/index.php\/servizi-ai-privati\/","title":{"rendered":"Inserimento Lavorativo"},"content":{"rendered":"<p>Scopo delle cooperative sociali \u00e8 &#8220;perseguire l&#8217;interesse generale della comunit\u00e0 alla promozione umana e all&#8217;integrazione sociale dei cittadini&#8221;. E&#8217; partendo da questi principi generali che l&#8217;Impresa Sociale C.RE.A si \u00e8 posta il problema di creare condizioni che favorissero oltre all&#8217;assistenza e all&#8217;integrazione sociale, l&#8217;<strong>inserimento nel mondo del lavoro delle persone svantaggiate<\/strong>. Ci siamo proposti, fin dai primi anni &#8217;90, di attivare e di attirare nuove risorse e investirle nella produzione di benessere sociale. Per tentare di ricollegare azioni specialistiche spesso isolate nel perseguimento di specifici obiettivi e accompagnare le persone &#8211; attraverso l&#8217;individuazione, le scelte e la pratica di ruoli molteplici &#8211; nel processo di ricomposizione della propria vita.<br \/>\nLa <em>CREA Impresa cooperativa sociale\u00a0<\/em>ha trovato, nella storia dei rapporti con il territorio e con la comunit\u00e0 allargata un patrimonio di credibilit\u00e0, affidabilit\u00e0, relazioni, conoscenze. E si \u00e8 affermata, perci\u00f2, come momento di continuazione e diversificazione di un impegno sociale e imprenditoriale conosciuto e consolidato. Dal dicembre 2019 <em>CREA Impresa coop sociale<\/em> \u00e8 stata fusa per incorporazione in C.RE.A cooperativa sociale.<\/p>\n<p>&nbsp;<\/p>\n<p>Nell&#8217;ambito dell&#8217;<strong>Inserimento Lavorativo<\/strong>\u00a0sono svolte le seguenti attivit\u00e0:<\/p>\n<p><span style=\"font-weight: normal;\"><strong>Verde<\/strong>: &#8211;\u00a0<\/span><span style=\"text-indent: 0em;\">Servizio di sfalcio erba, potature piante e siepi, abbattimenti alberature, ripristino manti erbosi, pulizia cigli stradali, fossati e zanelle<\/span><\/p>\n<p><strong>Pulizia<\/strong>: &#8211;\u00a0Servizi di pulizia ordinaria e straordinaria di locali pubblici e privati e di grandi spazi.\u00a0Pulizia manuale spiagge e parchi<\/p>\n<p><strong>Arredo Urbano<\/strong>.\u00a0Lavori di piccola manutenzione dell&#8217;arredo cittadino: abbattimento barriere architettoniche: posa in opera di scivoli per carrozzelle, Posa in opera di dossi rallentatori e paletti, Manutenzione della cartellonistica verticale sia pubblicitaria che toponomastica, Manutenzione pensiline autobus e rastrelliere porta-biciclette, Manutenzione cordoli, marciapiedi mattonellati e riparazione buche stradali, Manutenzione parchi gioco, panchine e staccionate<\/p>\n<p><strong>Sorveglianza<\/strong>: guardiania stazioni ecologiche, imbarcazioni e sorveglianze in genere.<\/p>\n<p>Nel recente passato sono stati svolti anche altri servizi quali Gestione Biblioteche, Assemblaggio Conto terzi, Servizi di Prima accoglienza, informazione e orientamento.<\/p>\n","protected":false},"excerpt":{"rendered":"<p>Scopo delle cooperative sociali \u00e8 &#8220;perseguire l&#8217;interesse generale della comunit\u00e0 alla promozione umana e all&#8217;integrazione sociale dei cittadini&#8221;. E&#8217; partendo da questi principi generali che l&#8217;Impresa Sociale C.RE.A si \u00e8 posta il problema di creare condizioni che favorissero oltre all&#8217;assistenza e all&#8217;integrazione sociale, l&#8217;inserimento nel mondo del lavoro delle persone &hellip;<\/p>\n","protected":false},"author":1,"featured_media":0,"parent":0,"menu_order":0,"comment_status":"closed","ping_status":"closed","template":"","meta":{"footnotes":""},"class_list":["post-1121","page","type-page","status-publish","hentry"],"_links":{"self":[{"href":"https:\/\/coopcrea.it\/index.php\/wp-json\/wp\/v2\/pages\/1121","targetHints":{"allow":["GET"]}}],"collection":[{"href":"https:\/\/coopcrea.it\/index.php\/wp-json\/wp\/v2\/pages"}],"about":[{"href":"https:\/\/coopcrea.it\/index.php\/wp-json\/wp\/v2\/types\/page"}],"author":[{"embeddable":true,"href":"https:\/\/coopcrea.it\/index.php\/wp-json\/wp\/v2\/users\/1"}],"replies":[{"embeddable":true,"href":"https:\/\/coopcrea.it\/index.php\/wp-json\/wp\/v2\/comments?post=1121"}],"version-history":[{"count":11,"href":"https:\/\/coopcrea.it\/index.php\/wp-json\/wp\/v2\/pages\/1121\/revisions"}],"predecessor-version":[{"id":1365,"href":"https:\/\/coopcrea.it\/index.php\/wp-json\/wp\/v2\/pages\/1121\/revisions\/1365"}],"wp:attachment":[{"href":"https:\/\/coopcrea.it\/index.php\/wp-json\/wp\/v2\/media?parent=1121"}],"curies":[{"name":"wp","href":"https:\/\/api.w.org\/{rel}","templated":true}]}}