{"id":1127,"date":"2017-08-10T16:05:16","date_gmt":"2017-08-10T14:05:16","guid":{"rendered":"http:\/\/coopcrea.it\/wp-new\/?page_id=1127"},"modified":"2024-04-19T11:13:55","modified_gmt":"2024-04-19T09:13:55","slug":"dopo-di-noi","status":"publish","type":"page","link":"https:\/\/coopcrea.it\/index.php\/dopo-di-noi\/","title":{"rendered":"Durante e Dopo di Noi"},"content":{"rendered":"<p><b><img loading=\"lazy\" decoding=\"async\" class=\"alignnone wp-image-1822\" src=\"http:\/\/coopcrea.it\/wp-new\/wp-content\/uploads\/2017\/08\/logodopodinoi.jpeg\" alt=\"\" width=\"366\" height=\"283\" srcset=\"https:\/\/coopcrea.it\/wp-new\/wp-content\/uploads\/2017\/08\/logodopodinoi.jpeg 541w, https:\/\/coopcrea.it\/wp-new\/wp-content\/uploads\/2017\/08\/logodopodinoi-300x232.jpeg 300w, https:\/\/coopcrea.it\/wp-new\/wp-content\/uploads\/2017\/08\/logodopodinoi-259x200.jpeg 259w\" sizes=\"auto, (max-width: 366px) 100vw, 366px\" \/><br \/>\nDURANTE E DOPO DI NOI<\/b><\/p>\n<p style=\"text-align: left;\">Dal 2010 la cooperativa \u00e8 titolare, a seguito della<strong> ricerca\/intervento sul Dopo di Noi<\/strong>\u00a0 di progetti innovativi, che hanno ricevuto il contributo economico di alcune Fondazione Bancarie, nella ricerca di percorsi di autonomia per le persone disabili con riferimento al Durante Noi \u2013 Dopo di Noi, e che hanno visto la realizzazione di incontri di sensibilizzazione all\u2019autonomia per genitori e familiari di disabili, percorsi sperimentali (<i>Turisti per Caso<\/i>) finalizzati all\u2019autonomia e al miglioramento delle condizioni di benessere della persona disabile, attivit\u00e0 formative rivolte agli operatori impegnati nei servizi alla disabilit\u00e0, attivit\u00e0 creative ed espressive per bambini 6-11 anni e ragazzi 12-17 anni.<\/p>\n<p style=\"text-align: left;\">Il percorso ha condotto\u00a0ad acquistare nel 2015 un\u2019immobile a Viareggio (via della Migliarina 23) per sviluppare percorsi di sperimentazione delle autonomie; \u00e8 stato avviato (nov. 2015) un progetto sperimentale legato\u00a0alla residenzialit\u00e0 dell\u2019handicap (<b>FACTORY CREA<\/b><span style=\"font-weight: normal;\">), riconosciuto da Reg. Toscana (DGR n. 401, 07.04.15), al fine di creare modelli operativi riproponibili sul tema. La sperimentazione regionale \u00e8 stata attiva fino al dicembre 2017.<br \/>\nIl progetto \u00e8 proseguito grazie ad una rete di collaborazione che ha visto: il diretto impegno della cooperativa, il sostegno della Fondazione di Coesione Sociale di Lucca, la co-progettazione di attivit\u00e0 nelle zone della Versilia e della Valle del Serchio (dove la coop.va dal 2017 gestisce due centri diurni per disabili).<\/span><\/p>\n<p>I percorsi di co-progettazione (DGR 743-2017), coordinati dalle zone distretto su input regionale, hanno visto l&#8217;attivazione del <strong>progetto DAILA<\/strong> in Versilia (D.D. 2803\/2018) e del\u00a0<strong>progetto PerlA<\/strong>\u00a0in Valle del Serchio (D.D. 4872\/2018). I due progetti sono proseguiti con un nuovo percorso di co-progettazione legato alle DGR successive (DGR 623\/2020, 539\/2021, 515\/2022).<\/p>\n<p><strong>ARS Toscana<\/strong> ha realizzato una mappatura dei<b style=\"text-indent: 0em;\">\u00a0<\/b>progetti del Dopo di Noi presenti nel territorio regionale qui <a href=\"https:\/\/ars.toscana.it\/dopo_di_noi\/\">linkata<\/a>.<\/p>\n<p>&nbsp;<\/p>\n<p>In questa <a href=\"https:\/\/www.facebook.com\/factoryCREA-1437232129913792\/?ref=page_internal\">pagina facebook<\/a> raccontiamo il progetto DAILA alla Factory di Viareggio!<\/p>\n<hr \/>\n<p><strong>FACTORY\/CREA<br \/>\n<\/strong>La Factory si trova in via della Migliarina 23 a Viareggio (LU).<\/p>\n<p>La casa si trova nel quartiere Migliarina, facilmente raggiungibile con l\u2019uso dei mezzi pubblici, \u00e8 collocata a brevissima distanza dai servizi di quartiere (scuola, bar, attivit\u00e0 commerciali e supermercati, chiesa e oratorio, parchi pubblici), possiede un ampio spazio aperto di pertinenza di circa 700 mq utilizzato in parte a parcheggio ed in parte come terreno agricolo per coltivazioni e orto sociale. L\u2019immobile \u00e8 dislocato su due piani e vede al piano terra una cucina e una sala mensa oltre ad un bagno WC, un ripostiglio, un magazzino da utilizzare anche a lavanderia ed una rimessa. Al primo piano sono collocate 4 camere e un bagno, vi si accede con ascensore esterno che si apre su un lungo disimpegno.<br \/>\n<a href=\"http:\/\/coopcrea.it\/wp-new\/wp-content\/uploads\/2017\/08\/IMG_2078.jpg\"><img loading=\"lazy\" decoding=\"async\" class=\"alignnone wp-image-2507\" src=\"http:\/\/coopcrea.it\/wp-new\/wp-content\/uploads\/2017\/08\/IMG_2078.jpg\" alt=\"\" width=\"250\" height=\"187\" srcset=\"https:\/\/coopcrea.it\/wp-new\/wp-content\/uploads\/2017\/08\/IMG_2078.jpg 1632w, https:\/\/coopcrea.it\/wp-new\/wp-content\/uploads\/2017\/08\/IMG_2078-300x225.jpg 300w, https:\/\/coopcrea.it\/wp-new\/wp-content\/uploads\/2017\/08\/IMG_2078-768x576.jpg 768w, https:\/\/coopcrea.it\/wp-new\/wp-content\/uploads\/2017\/08\/IMG_2078-1024x768.jpg 1024w, https:\/\/coopcrea.it\/wp-new\/wp-content\/uploads\/2017\/08\/IMG_2078-267x200.jpg 267w\" sizes=\"auto, (max-width: 250px) 100vw, 250px\" \/> <\/a><a href=\"http:\/\/coopcrea.it\/wp-new\/wp-content\/uploads\/2017\/08\/IMG_2075.jpg\"><img loading=\"lazy\" decoding=\"async\" class=\"alignnone wp-image-2508\" src=\"http:\/\/coopcrea.it\/wp-new\/wp-content\/uploads\/2017\/08\/IMG_2075.jpg\" alt=\"\" width=\"250\" height=\"188\" srcset=\"https:\/\/coopcrea.it\/wp-new\/wp-content\/uploads\/2017\/08\/IMG_2075.jpg 1632w, https:\/\/coopcrea.it\/wp-new\/wp-content\/uploads\/2017\/08\/IMG_2075-300x225.jpg 300w, https:\/\/coopcrea.it\/wp-new\/wp-content\/uploads\/2017\/08\/IMG_2075-768x576.jpg 768w, https:\/\/coopcrea.it\/wp-new\/wp-content\/uploads\/2017\/08\/IMG_2075-1024x768.jpg 1024w, https:\/\/coopcrea.it\/wp-new\/wp-content\/uploads\/2017\/08\/IMG_2075-267x200.jpg 267w\" sizes=\"auto, (max-width: 250px) 100vw, 250px\" \/>\u00a0<\/a><a href=\"http:\/\/coopcrea.it\/wp-new\/wp-content\/uploads\/2017\/08\/IMG_2073.jpg\"><img loading=\"lazy\" decoding=\"async\" class=\"alignnone wp-image-2509\" src=\"http:\/\/coopcrea.it\/wp-new\/wp-content\/uploads\/2017\/08\/IMG_2073.jpg\" alt=\"\" width=\"141\" height=\"188\" srcset=\"https:\/\/coopcrea.it\/wp-new\/wp-content\/uploads\/2017\/08\/IMG_2073.jpg 1224w, https:\/\/coopcrea.it\/wp-new\/wp-content\/uploads\/2017\/08\/IMG_2073-225x300.jpg 225w, https:\/\/coopcrea.it\/wp-new\/wp-content\/uploads\/2017\/08\/IMG_2073-768x1024.jpg 768w, https:\/\/coopcrea.it\/wp-new\/wp-content\/uploads\/2017\/08\/IMG_2073-150x200.jpg 150w\" sizes=\"auto, (max-width: 141px) 100vw, 141px\" \/>\u00a0<\/a><\/p>\n<p>&nbsp;<\/p>\n<p><a href=\"http:\/\/coopcrea.it\/wp-new\/wp-content\/uploads\/2017\/08\/IMG_2068.jpg\"><img loading=\"lazy\" decoding=\"async\" class=\"alignnone wp-image-2510\" src=\"http:\/\/coopcrea.it\/wp-new\/wp-content\/uploads\/2017\/08\/IMG_2068.jpg\" alt=\"\" width=\"250\" height=\"187\" srcset=\"https:\/\/coopcrea.it\/wp-new\/wp-content\/uploads\/2017\/08\/IMG_2068.jpg 1632w, https:\/\/coopcrea.it\/wp-new\/wp-content\/uploads\/2017\/08\/IMG_2068-300x225.jpg 300w, https:\/\/coopcrea.it\/wp-new\/wp-content\/uploads\/2017\/08\/IMG_2068-768x576.jpg 768w, https:\/\/coopcrea.it\/wp-new\/wp-content\/uploads\/2017\/08\/IMG_2068-1024x768.jpg 1024w, https:\/\/coopcrea.it\/wp-new\/wp-content\/uploads\/2017\/08\/IMG_2068-267x200.jpg 267w\" sizes=\"auto, (max-width: 250px) 100vw, 250px\" \/><\/a> <a href=\"http:\/\/coopcrea.it\/wp-new\/wp-content\/uploads\/2017\/08\/IMG_2063.jpg\"><img loading=\"lazy\" decoding=\"async\" class=\"alignnone wp-image-2512\" src=\"http:\/\/coopcrea.it\/wp-new\/wp-content\/uploads\/2017\/08\/IMG_2063.jpg\" alt=\"\" width=\"249\" height=\"187\" srcset=\"https:\/\/coopcrea.it\/wp-new\/wp-content\/uploads\/2017\/08\/IMG_2063.jpg 1632w, https:\/\/coopcrea.it\/wp-new\/wp-content\/uploads\/2017\/08\/IMG_2063-300x225.jpg 300w, https:\/\/coopcrea.it\/wp-new\/wp-content\/uploads\/2017\/08\/IMG_2063-768x576.jpg 768w, https:\/\/coopcrea.it\/wp-new\/wp-content\/uploads\/2017\/08\/IMG_2063-1024x768.jpg 1024w, https:\/\/coopcrea.it\/wp-new\/wp-content\/uploads\/2017\/08\/IMG_2063-267x200.jpg 267w\" sizes=\"auto, (max-width: 249px) 100vw, 249px\" \/>\u00a0<\/a><a href=\"http:\/\/coopcrea.it\/wp-new\/wp-content\/uploads\/2017\/08\/IMG_2062.jpg\"><img loading=\"lazy\" decoding=\"async\" class=\"alignnone wp-image-2513\" src=\"http:\/\/coopcrea.it\/wp-new\/wp-content\/uploads\/2017\/08\/IMG_2062.jpg\" alt=\"\" width=\"250\" height=\"187\" srcset=\"https:\/\/coopcrea.it\/wp-new\/wp-content\/uploads\/2017\/08\/IMG_2062.jpg 1632w, https:\/\/coopcrea.it\/wp-new\/wp-content\/uploads\/2017\/08\/IMG_2062-300x225.jpg 300w, https:\/\/coopcrea.it\/wp-new\/wp-content\/uploads\/2017\/08\/IMG_2062-768x576.jpg 768w, https:\/\/coopcrea.it\/wp-new\/wp-content\/uploads\/2017\/08\/IMG_2062-1024x768.jpg 1024w, https:\/\/coopcrea.it\/wp-new\/wp-content\/uploads\/2017\/08\/IMG_2062-267x200.jpg 267w\" sizes=\"auto, (max-width: 250px) 100vw, 250px\" \/><\/a><\/p>\n<p>&nbsp;<\/p>\n<p>Nel 2021, per approfondire e ampliare le opportunit\u00e0 per le persone con disabilit\u00e0 di sperimentare le proprie autonomie, CREA ha deciso di investire risorse nell&#8217;acquisto di una nuova casa. Grazie anche al sostegno della Regione Toscana (ASL Toscana NO), della Fondazione Cassa di Risparmio di Lucca e della Fondazione Banca del Monte di Lucca, CREA ha avviato la ristrutturazione edilizia nel novembre 2022 ed inaugura la nuova casa, FactoryDue, il 10 maggio 2024.<\/p>\n<p><strong style=\"font-style: normal; font-variant-ligatures: normal; font-variant-caps: normal; font-size: 16px; font-family: 'Times New Roman';\">FACTORYDUE<\/strong><\/p>\n<p>La FactoryDue si trova in via del Paduletto 174 a Capezzano Pianore, nel Comune di Camaiore.<\/p>\n<p>Con la Factorydue la coop.va intende guardare al futuro, mettendo a disposizione una \u201cnuova\u201d casa per la sperimentazione e il rafforzamento delle autonomie delle persone con disabilit\u00e0, uno spazio di interesse pubblico vincolato all\u2019uso sociale, come riconosciuto anche dal convenzionamento sottoscritto con il Comune di Camaiore nel luglio 2023.<\/p>\n<p>I due piani della casa e l\u2019ampio spazio verde di pertinenza consentono di attivare un luogo multi-funzione, per differenziare le risposte e le opportunit\u00e0 in relazione ai bisogni delle persone e agevolando uno scambio reciproco con la comunit\u00e0 locale.<\/p>\n<p>foto prima dei lavori al momento dell&#8217;acquisto e il progetto di ristrutturazione<\/p>\n<p><strong><a href=\"https:\/\/coopcrea.it\/wp-new\/wp-content\/uploads\/2017\/08\/rendering.jpg\"><\/a><a href=\"https:\/\/coopcrea.it\/wp-new\/wp-content\/uploads\/2017\/08\/PHOTO-2022-06-03-09-31-26-1.jpg\"><img loading=\"lazy\" decoding=\"async\" class=\"wp-image-6295 alignleft\" src=\"https:\/\/coopcrea.it\/wp-new\/wp-content\/uploads\/2017\/08\/PHOTO-2022-06-03-09-31-26-1.jpg\" alt=\"\" width=\"243\" height=\"183\" srcset=\"https:\/\/coopcrea.it\/wp-new\/wp-content\/uploads\/2017\/08\/PHOTO-2022-06-03-09-31-26-1.jpg 1280w, https:\/\/coopcrea.it\/wp-new\/wp-content\/uploads\/2017\/08\/PHOTO-2022-06-03-09-31-26-1-300x225.jpg 300w, https:\/\/coopcrea.it\/wp-new\/wp-content\/uploads\/2017\/08\/PHOTO-2022-06-03-09-31-26-1-768x576.jpg 768w, https:\/\/coopcrea.it\/wp-new\/wp-content\/uploads\/2017\/08\/PHOTO-2022-06-03-09-31-26-1-1024x768.jpg 1024w, https:\/\/coopcrea.it\/wp-new\/wp-content\/uploads\/2017\/08\/PHOTO-2022-06-03-09-31-26-1-267x200.jpg 267w\" sizes=\"auto, (max-width: 243px) 100vw, 243px\" \/><\/a><a href=\"https:\/\/coopcrea.it\/wp-new\/wp-content\/uploads\/2017\/08\/rendering.jpg\"><img loading=\"lazy\" decoding=\"async\" class=\"wp-image-6294 alignleft\" src=\"https:\/\/coopcrea.it\/wp-new\/wp-content\/uploads\/2017\/08\/rendering.jpg\" alt=\"\" width=\"303\" height=\"182\" srcset=\"https:\/\/coopcrea.it\/wp-new\/wp-content\/uploads\/2017\/08\/rendering.jpg 3000w, https:\/\/coopcrea.it\/wp-new\/wp-content\/uploads\/2017\/08\/rendering-300x180.jpg 300w, https:\/\/coopcrea.it\/wp-new\/wp-content\/uploads\/2017\/08\/rendering-768x461.jpg 768w, https:\/\/coopcrea.it\/wp-new\/wp-content\/uploads\/2017\/08\/rendering-1024x614.jpg 1024w, https:\/\/coopcrea.it\/wp-new\/wp-content\/uploads\/2017\/08\/rendering-334x200.jpg 334w\" sizes=\"auto, (max-width: 303px) 100vw, 303px\" \/><\/a><\/strong><\/p>\n<p>&nbsp;<\/p>\n<p>&nbsp;<\/p>\n<p>&nbsp;<\/p>\n<p>&nbsp;<\/p>\n<p>&nbsp;<\/p>\n<p>&nbsp;<\/p>\n<p>&nbsp;<\/p>\n<p><strong>Iniziative, convegni e seminari promossi e\/o partecipati dalla cooperativa\u00a0<\/strong><\/p>\n<p><a href=\"http:\/\/coopcrea.it\/wp-new\/wp-content\/uploads\/2019\/04\/seminario-la-costruzione-del-progetto-di-vita2019.pdf\">La costruzione del progetto di vita della persona disabile &#8211; Aprile 2019<\/a><\/p>\n<p><a href=\"http:\/\/coopcrea.it\/wp-new\/wp-content\/uploads\/2017\/08\/incontro-perla_06.04.2019.pdf\">Progetto PerlA zona Garfagnana &#8211; Aprile 2019<\/a><\/p>\n<p><a href=\"http:\/\/coopcrea.it\/index.php\/2018\/05\/03\/smodem-una-casa-per-costruire-oggi-il-dopo-di-noi\/\">Smodem 1\/2018 &#8211; Una casa per costruire oggi il Dopo di Noi<\/a><\/p>\n<p><a href=\"http:\/\/coopcrea.it\/index.php\/2017\/10\/20\/il-dopo-di-noi-in-toscana-pronti-via-si-parte\/\">Il Dopo di Noi in Toscana&#8230; pronti, via, si parte! &#8211; ottobre 2017<\/a><\/p>\n<p><a href=\"http:\/\/coopcrea.it\/wp-new\/wp-content\/uploads\/2017\/08\/Durante-e-Dopo-di-Noi-incontro-15-febbraio-2017.pdf\">Durante e Dopo di Noi &#8211; incontro 15 febbraio 2017<\/a><\/p>\n<p><a href=\"http:\/\/coopcrea.it\/wp-new\/wp-content\/uploads\/2017\/08\/manifesto_a3_web.pdf\">Durante Noi per il Dopo Di Noi &#8211; Giugno 2016<\/a><\/p>\n<p><a href=\"http:\/\/coopcrea.it\/wp-new\/wp-content\/uploads\/2017\/08\/manifestino.pdf\">10-100-1000 DOPO DI NOI &#8211; DICEMBRE 2014<\/a><\/p>\n<p><a href=\"http:\/\/coopcrea.it\/wp-new\/wp-content\/uploads\/2017\/08\/dopodinoieadesso.pdf\">DOPO DI NOI&#8230;\u00a0 se non ora quando &#8211; MARZO 2012<\/a><\/p>\n<p><a href=\"http:\/\/coopcrea.it\/wp-new\/wp-content\/uploads\/2017\/08\/invitino.pdf\">DOPO DI NOI&#8230;\u00a0 se non ora quando &#8211; FEBBRAIO 2012<\/a><\/p>\n<p><a href=\"http:\/\/coopcrea.it\/wp-new\/wp-content\/uploads\/2017\/08\/manifestino-1.pdf\">COSTRUIRE OGGI IL DOPO DI NOI &#8211; Analisi, prospettive, impegni &#8211; DICEMBRE 2010<\/a><\/p>\n<div>\n<hr \/>\n<\/div>\n<div><strong>Materiali di lavoro e pubblicazioni<\/strong><\/div>\n<p><a href=\"http:\/\/coopcrea.it\/wp-new\/wp-content\/uploads\/2017\/08\/dopo_di_noi_ricercaCREA_2010.pdf\">dopo_di_noi_ricercaCREA_2010<\/a><\/p>\n<p>&#8212;&#8212;&#8212;&#8212;&#8212;&#8212;&#8212;&#8212;&#8212;&#8212;&#8212;&#8212;&#8212;&#8212;-<\/p>\n<p>La cooperativa aderisce dal 2015 al <strong>Di Poi<\/strong>, il coordinamento toscano delle realt\u00e0 che condividono il tema e le esperienze del &#8220;durante dopo di noi&#8221;. Per saperne di pi\u00f9 clicca qui sotto sul logo del DiPOI e consulta la <a href=\"https:\/\/www.facebook.com\/coordinamentodipoi\">pagina facebook <\/a>del coordinamento:<\/p>\n<p><a style=\"color: #0071bc; font-style: normal; font-variant-ligatures: normal; font-variant-caps: normal; font-weight: 400; font-size: 15.2px; font-family: 'Times New Roman';\" href=\"http:\/\/www.dipoi.it\"><img loading=\"lazy\" decoding=\"async\" class=\"wp-image-2490 alignnone\" src=\"http:\/\/coopcrea.it\/wp-new\/wp-content\/uploads\/2017\/08\/di-poi.png\" alt=\"\" width=\"174\" height=\"121\" srcset=\"https:\/\/coopcrea.it\/wp-new\/wp-content\/uploads\/2017\/08\/di-poi.png 312w, https:\/\/coopcrea.it\/wp-new\/wp-content\/uploads\/2017\/08\/di-poi-300x209.png 300w, https:\/\/coopcrea.it\/wp-new\/wp-content\/uploads\/2017\/08\/di-poi-288x200.png 288w\" sizes=\"auto, (max-width: 174px) 100vw, 174px\" \/><\/a><\/p>\n<p>Video <strong><a href=\"https:\/\/www.youtube.com\/watch?v=-TwxVO6ikF0&amp;feature=youtu.be\">Autonomia Abitativa per vivere da soli <\/a>&#8211; <\/strong>Il video girato dal DiPoi illustra gli obiettivi del coordinamento ed affronta anche gli argomenti legati al lavoro, al tempo libero, all&#8217;autonomia relazionale e all&#8217;affettivit\u00e0 delle persone disabili.<strong><br \/>\n<\/strong><\/p>\n","protected":false},"excerpt":{"rendered":"<p>DURANTE E DOPO DI NOI Dal 2010 la cooperativa \u00e8 titolare, a seguito della ricerca\/intervento sul Dopo di Noi\u00a0 di progetti innovativi, che hanno ricevuto il contributo economico di alcune Fondazione Bancarie, nella ricerca di percorsi di autonomia per le persone disabili con riferimento al Durante Noi \u2013 Dopo di &hellip;<\/p>\n","protected":false},"author":1,"featured_media":0,"parent":0,"menu_order":0,"comment_status":"closed","ping_status":"closed","template":"","meta":{"footnotes":""},"class_list":["post-1127","page","type-page","status-publish","hentry"],"_links":{"self":[{"href":"https:\/\/coopcrea.it\/index.php\/wp-json\/wp\/v2\/pages\/1127","targetHints":{"allow":["GET"]}}],"collection":[{"href":"https:\/\/coopcrea.it\/index.php\/wp-json\/wp\/v2\/pages"}],"about":[{"href":"https:\/\/coopcrea.it\/index.php\/wp-json\/wp\/v2\/types\/page"}],"author":[{"embeddable":true,"href":"https:\/\/coopcrea.it\/index.php\/wp-json\/wp\/v2\/users\/1"}],"replies":[{"embeddable":true,"href":"https:\/\/coopcrea.it\/index.php\/wp-json\/wp\/v2\/comments?post=1127"}],"version-history":[{"count":24,"href":"https:\/\/coopcrea.it\/index.php\/wp-json\/wp\/v2\/pages\/1127\/revisions"}],"predecessor-version":[{"id":6296,"href":"https:\/\/coopcrea.it\/index.php\/wp-json\/wp\/v2\/pages\/1127\/revisions\/6296"}],"wp:attachment":[{"href":"https:\/\/coopcrea.it\/index.php\/wp-json\/wp\/v2\/media?parent=1127"}],"curies":[{"name":"wp","href":"https:\/\/api.w.org\/{rel}","templated":true}]}}