{"id":1129,"date":"2014-01-10T16:05:28","date_gmt":"2014-01-10T15:05:28","guid":{"rendered":"http:\/\/coopcrea.it\/wp-new\/?page_id=1129"},"modified":"2021-11-05T17:13:43","modified_gmt":"2021-11-05T16:13:43","slug":"galleria-delle-differenze","status":"publish","type":"page","link":"https:\/\/coopcrea.it\/index.php\/galleria-delle-differenze\/","title":{"rendered":"Galleria delle Differenze"},"content":{"rendered":"<p><img decoding=\"async\" src=\"https:\/\/coopcrea.it\/images\/stories\/differenze.jpg\" alt=\"\" align=\"left\" \/><\/p>\n<p>&nbsp;<\/p>\n<p>&nbsp;<\/p>\n<p>&nbsp;<\/p>\n<p>&nbsp;<\/p>\n<p>La nostra identit\u00e0 di persone \u00e8 multipla. Noi siamo molte cose contemporaneamente. Negare questa ricchezza e questa complessit\u00e0 riduce le persone a vedersi e a vedere il mondo a una sola dimensione&#8230; In un periodo in cui si accentuano le disuguaglianze si assiste, per contro, a una forte spinta all\u2019omologazione dei comportamenti, al rinchiudersi delle persone in \u201ccomunit\u00e0 di simili\u201d. Lo spazio \u201cdifferenze\u201d si propone come un luogo aperto di confronto con l\u2019alterit\u00e0 nelle sue diverse espressioni artistiche in una logica di inclusione e di esercizio delle competenze individuali e dei gruppi a relazionarsi con gli altri. \u201cDifferenze\u201d ha sede in un centro per disabili della cooperativa sociale CREA che ne cura l\u2019organizzazione, la messa in rete e il funzionamento. E\u2019 uno spazio espositivo aperto a laboratori e singoli che lavorano principalmente nell\u2019ambito delle \u201cespressioni differenti\u201d e a quanti con tali espressioni intendono confrontarsi. Le esposizioni vengono programmate a inizio anno, ma il calendario rimane aperto anche a provocazioni e novit\u00e0 che possono nascere in qualsiasi momento.<\/p>\n<p><img loading=\"lazy\" decoding=\"async\" title=\"GALLERIA INTERNO\" src=\"https:\/\/coopcrea.it\/images\/stories\/galleria1.jpg\" alt=\"GALLERIA INTERNO\" width=\"223\" height=\"176\" border=\"0\" \/><img decoding=\"async\" title=\"GALLERIA INTERNO 2\" src=\"https:\/\/coopcrea.it\/images\/stories\/galleria2.jpg\" alt=\"GALLERIA INTERNO 2\" border=\"0\" \/><\/p>\n<p><b>GALLERIA DELLE DIFFERENZE<\/b><br \/>\nvia XX Settembre 174,\u00a0Viareggio<br \/>\n<a href=\"http:\/\/maps.google.it\/maps?f=q&amp;hl=it&amp;geocode=&amp;q=Viareggio,+via+20+settembre+174&amp;sll=43.939671,10.300241&amp;sspn=0.008235,0.017617&amp;g=Viareggio,+via+20+settembre+174&amp;ie=UTF8&amp;ll=43.873643,10.249794&amp;spn=0.008229,0.017617&amp;z=16&amp;iwloc=addr\"><u>Google maps<br \/>\n<\/u><\/a>tel.0584 30993<\/p>\n<p><strong>Negli ultimi anni sono state promosse ed organizzate le seguenti mostre ed esposizioni:<br \/>\n<\/strong><\/p>\n<p><strong>2020:<\/strong><\/p>\n<p>14nov\/08 gen 21 &gt; TROVO SEMPRE IL MODO DI FARE TUTTO, mostra on line, artisti residenti Tommaso Brucia, Nicoletta Galletti, Silvia Kertes, Lara Simonini, artista ospite Giorgio di Giorgio<\/p>\n<p><strong>2019<\/strong>:<\/p>\n<p>05 apr\/10 mag &gt; ANGOLAZIONI mostra collettiva di Silvia Kertes, Andrea Masoni, Maurizio Rossi. Artista ospite: Flavia Lanfredini<\/p>\n<p>29nov\/14 dic &gt; TILES collettiva e mosaici, pittura con artisti residenti Cristina Bertolozzi, Maurizio Rossi, Lara Simonini, artista ospite Ursula Corsi<\/p>\n<p><strong>2018<\/strong>:<\/p>\n<p>23 mag\/22 giu &gt; ANIMA-LI! mostra collettiva di Matteo Franceschi e Giovanni Corallo. Artista ospite: Stefano Di Giusto<\/p>\n<p>17 lug\/31 ago &gt; MASCHERE, mostra fotografica sul tappeto di segatura a cura del CDD Cimbilium, fotografie di Stefania Scroglieri<\/p>\n<p>16 nov\/7 dic &gt; Damiano Bonuccelli e Libero Maggini (artista ospite)<\/p>\n<p>10\/21 dic &gt; Mercatino di Natale con prodotti artigianali realizzati dal CDD Giocoraggio<\/p>\n<p><strong>2017:<br \/>\n<\/strong>17\/31 marzo &gt; MONDI DI DONNE mostra collettiva di pittura di Paola, Lara, Cristina, Nicoletta e Silvia, ospiti del centro diurno Giocoraggio<strong><br \/>\n<\/strong><\/p>\n<p>28 apr\/12 mag &gt; RITAGLI mostra collettiva dei lavori realizzati nel laboratorio condotto con l&#8217;artista Giorgio Di Giorgio al CDD Il Capannone<\/p>\n<p>7\/22 dic &gt; Mercatino di Natale con prodotti artigianali realizzati nei laboratori del CDD Giocoraggio<\/p>\n<p><strong>2016:<\/strong><br \/>\n02 dic\/ 05 genn &gt; Mercatino di Natale con prodotti natalizi realizzati dal CDSD Giocoraggio<br \/>\n22 dic\/ 10 genn &gt; PESCI di Giovanni Corallo. Esposizione di opere artistiche. CDSD Giocoraggio.<\/p>\n<p><strong>2015:<\/strong><br \/>\n7\/23 dic &gt; Mercatino di Natale con prodotti natalizi realizzati dai CDSD Giocoraggio e Il Capannone<\/p>\n<p><strong>2014:<\/strong><br \/>\n22\/30 mag &gt; Giorgio di Giorgio Factory 2014<\/p>\n<p><strong>2013:<\/strong><br \/>\n12\/19 apr &gt; Giorgio di Giorgio Factory 2013<\/p>\n<p><strong>2012:<\/strong><br \/>\n03\/11 mag &gt;Texture-Tessiture, prodotti del laboratorio di telaio del CDSD Giocoraggio con le scuole Tomei di Torre del Lago;<br \/>\n15\/22 giu &gt; CASA CREA CASA, video installazione di Jacopo Riccomini e CDSD Giocoraggio;<br \/>\n10\/21 dic &gt; Mercatino di Natale con prodotti natalizi realizzati dal CDSD Giocoraggio.<\/p>\n<p><strong>2011:<\/strong><br \/>\n29 apr\/6 mag &gt; Risvegli, Jacopo Riccomini\/Silvia Kertes;<br \/>\n25 mar\/1apr&gt; Sculture, Moreno Fossati\/Giovanni Corallo;<br \/>\n26 mag&gt; Disegno perch\u00e9 son vivo, lab. formativo guidato da Link e Giovi;<br \/>\n14 \/28 giu&gt; Oltre l&#8217;opera Io! CDSD Giocoraggio e Capannone; percorso visivo-sensoriale per esplorare la personalit\u00e0 dell&#8217;artista che vive nell&#8217;opera stessa;<br \/>\n25 nov\/2 dic&gt; Giorgio di Giorgio &amp; CDSD Giocoraggio.<\/p>\n<p><strong>2010:<\/strong><br \/>\n12\/30 mar&gt;Incontri, Pittura, David Biosa\/Gianluca Fercioni;<br \/>\n11\/18 giu&gt; Molteplici Incontri, Tommaso Brucia\/Lara Simonini\/Luana Paolinelli\/Jacopo Riccomini;<br \/>\n12\/26 nov&gt; Giorgio Di Giorgio Factory, &#8216;prodotti&#8217; del lab. pittura condotto da Di Giorgio al CDSD Giocoraggio.<\/p>\n<p><strong>2009:<\/strong><br \/>\n15\/22 mag&gt; Incontri, Iacopo Riccomini\/Giulia Valera;<br \/>\n3\/10 lug&gt; Incontri, Tratti e Creature, Maurizio Scabola\/ Giovanni Corallo;<br \/>\n13\/27 nov&gt;Incontri, Fotografia, Luciano Bonuccelli\/Giovanna Comis;<br \/>\n11\/24 dic&gt;Incontri, Laboratorio, Giorgio di Giorgio.<\/p>\n<p><strong>2008:<\/strong><br \/>\nfeb &gt; Non solo Carnevale, mostra di Marco Cinquini;<br \/>\nmar&gt; Cartapesta Luminosa, costruita nel laboratorio CDSD Giocoraggio;<br \/>\napr &gt;Immagini, mostra di Damiano Bonuccelli, CDSD Cimbilium, Camaiore;<br \/>\nmag &gt; Artisti per la CREA 2\u00b0 parte, mostra collettiva di pittura e scultura (Saviozzi, Maestrelli, Pieretti, Del Pistoia, Ramacciotti, Morelli, Corti, Taddei, Paolicchi, Salvetti, Cinquini, Lippi, Magrini, Vaccarezza, D&#8217;Andrea, Beconi)<br \/>\ngiu &gt; Incontri, Jacopo Riccomini, Cristina Bertolozzi;<br \/>\nsett&gt; Mostra di Giancarlo Vaccarezza;<br \/>\nott &gt;Mostra di Giancarlo Gai, CDSD Il Capannone, Viareggio;<br \/>\nnov &gt; Mostra di Giorgio Di Giorgio<\/p>\n<p><strong>2007:<\/strong><br \/>\nfeb &gt; Mostra dei Bozzetti dei Carri del Carnevale del Comitato &#8220;Vecchia Viareggio&#8221; ed esposizione &#8220;Maschere, sculture ed altro&#8230;&#8221; dei CDSD CREA;<br \/>\nmar&gt; ARTBLU Mostra di produzioni creative provenienti dai Centri Diurni Disabili e CAP ArcaCasa;<br \/>\ndic &gt; Artisti per la CREA 1\u00b0 parte, mostra collettiva di pittura e scultura (Allegrucci, Bomberini, Bonetti, Canova, Cinquini, Francesconi, Giacomelli, Ghiselli, La Bianca, Lippi, Maggini G., Maggini L., Manzella, Tomei, Vannucci)<\/p>\n<p><strong>2006:<\/strong><br \/>\nnov &gt; &#8220;L&#8217;Altra lei&#8221;, Cristina Bertolozzi, Giovanna Comis, Lara Simonini (artisti residenti del CDSD Giocoraggio), Eleonora Vanni e Erica Lecci (artisti ospiti);<\/p>\n<p>&nbsp;<\/p>\n","protected":false},"excerpt":{"rendered":"<p>&nbsp; &nbsp; &nbsp; &nbsp; La nostra identit\u00e0 di persone \u00e8 multipla. Noi siamo molte cose contemporaneamente. Negare questa ricchezza e questa complessit\u00e0 riduce le persone a vedersi e a vedere il mondo a una sola dimensione&#8230; In un periodo in cui si accentuano le disuguaglianze si assiste, per contro, a &hellip;<\/p>\n","protected":false},"author":1,"featured_media":0,"parent":0,"menu_order":0,"comment_status":"closed","ping_status":"closed","template":"","meta":{"footnotes":""},"class_list":["post-1129","page","type-page","status-publish","hentry"],"_links":{"self":[{"href":"https:\/\/coopcrea.it\/index.php\/wp-json\/wp\/v2\/pages\/1129","targetHints":{"allow":["GET"]}}],"collection":[{"href":"https:\/\/coopcrea.it\/index.php\/wp-json\/wp\/v2\/pages"}],"about":[{"href":"https:\/\/coopcrea.it\/index.php\/wp-json\/wp\/v2\/types\/page"}],"author":[{"embeddable":true,"href":"https:\/\/coopcrea.it\/index.php\/wp-json\/wp\/v2\/users\/1"}],"replies":[{"embeddable":true,"href":"https:\/\/coopcrea.it\/index.php\/wp-json\/wp\/v2\/comments?post=1129"}],"version-history":[{"count":15,"href":"https:\/\/coopcrea.it\/index.php\/wp-json\/wp\/v2\/pages\/1129\/revisions"}],"predecessor-version":[{"id":5133,"href":"https:\/\/coopcrea.it\/index.php\/wp-json\/wp\/v2\/pages\/1129\/revisions\/5133"}],"wp:attachment":[{"href":"https:\/\/coopcrea.it\/index.php\/wp-json\/wp\/v2\/media?parent=1129"}],"curies":[{"name":"wp","href":"https:\/\/api.w.org\/{rel}","templated":true}]}}