{"id":2942,"date":"2018-09-20T12:23:33","date_gmt":"2018-09-20T10:23:33","guid":{"rendered":"http:\/\/coopcrea.it\/?page_id=2942"},"modified":"2019-04-11T15:04:01","modified_gmt":"2019-04-11T13:04:02","slug":"manchi-solo-tu","status":"publish","type":"page","link":"https:\/\/coopcrea.it\/index.php\/manchi-solo-tu\/","title":{"rendered":"MANCHI SOLO TU"},"content":{"rendered":"<p><a style=\"color: #0071bc; font-style: normal; font-variant-ligatures: normal; font-variant-caps: normal; font-weight: 400; font-size: 15.2px; font-family: 'Times New Roman';\" href=\"http:\/\/coopcrea.it\/wp-new\/wp-content\/uploads\/2018\/09\/Logo-conibambini.jpg\"><img loading=\"lazy\" decoding=\"async\" class=\"alignleft wp-image-2946\" src=\"http:\/\/coopcrea.it\/wp-new\/wp-content\/uploads\/2018\/09\/Logo-conibambini.jpg\" alt=\"\" width=\"116\" height=\"116\" srcset=\"https:\/\/coopcrea.it\/wp-new\/wp-content\/uploads\/2018\/09\/Logo-conibambini.jpg 369w, https:\/\/coopcrea.it\/wp-new\/wp-content\/uploads\/2018\/09\/Logo-conibambini-150x150.jpg 150w, https:\/\/coopcrea.it\/wp-new\/wp-content\/uploads\/2018\/09\/Logo-conibambini-300x300.jpg 300w, https:\/\/coopcrea.it\/wp-new\/wp-content\/uploads\/2018\/09\/Logo-conibambini-200x200.jpg 200w\" sizes=\"auto, (max-width: 116px) 100vw, 116px\" \/><\/a><\/p>\n<p><img loading=\"lazy\" decoding=\"async\" class=\"wp-image-2947 alignright\" src=\"http:\/\/coopcrea.it\/wp-new\/wp-content\/uploads\/2018\/09\/manchi-solo-tu-logo.jpg\" alt=\"\" width=\"201\" height=\"100\" srcset=\"https:\/\/coopcrea.it\/wp-new\/wp-content\/uploads\/2018\/09\/manchi-solo-tu-logo.jpg 397w, https:\/\/coopcrea.it\/wp-new\/wp-content\/uploads\/2018\/09\/manchi-solo-tu-logo-300x150.jpg 300w\" sizes=\"auto, (max-width: 201px) 100vw, 201px\" \/><\/p>\n<p style=\"text-align: center;\">Nell&#8217;ambito del Bando Adolescenza 2016 promosso dall&#8217;<strong>impresa sociale Con I Bambini<\/strong>, la cooperativa\u00a0 \u00e8 riuscita ad ottenere, come soggetto responsabile\u00a0capofila, un contributo per l&#8217;attuazione di interventi di contrasto della povert\u00e0 educativa minorile con un progetto denominato <strong>MANCHI SOLO TU:\u00a0Interventi Educativi I<\/strong><strong>ntegrati per il contrasto della povert\u00e0 minorile<\/strong>.<\/p>\n<p>&nbsp;<\/p>\n<p>La proposta progettuale intende intervenire promuovendo percorsi di sviluppo che possano avere effetti significativi sia sui percorsi educativi e scolatici, sia nell\u2019acquisizione di competenze trasversali (autonomia, qualit\u00e0 personali, atteggiamento in ambito scolastico e lavorativo, campo delle relazioni interpersonali) al fine di contribuire, a lungo termine, al benessere delle persone.<\/p>\n<p><span style=\"color: #800000;\"><strong>Obiettivi generali del progetto<\/strong><\/span><\/p>\n<ul>\n<li>Promuovere e stimolare <u>la prevenzione e il contrasto dei fenomeni di dispersione e abbandono scolastici di adolescenti<\/u>, soprattutto nella fase di passaggio da un grado all\u2019altro (da 3\u00b0 media a 1\u00b0 superiore)<\/li>\n<li>Creare dei <u>presidi ad alta intensit\u00e0 educativa<\/u> che affianchino le istituzione scolastiche e la comunit\u00e0 educante in genere al fine di promuovere costanti azioni preventive ed educative nei confronti della fascia adolescenziale e delle loro famiglie<\/li>\n<li>Gestire attivit\u00e0 educative individuali e di gruppo in favore di minori in specifica situazione di vulnerabilit\u00e0 e svantaggio sociale<\/li>\n<\/ul>\n<p><span style=\"color: #800000;\"><strong>Soggetto Responsabile <\/strong><\/span><\/p>\n<p><strong>C.RE.A soc. coop. sociale \u2013 Viareggio<\/strong><\/p>\n<p><span style=\"color: #800000;\"><strong>Soggetti Partner<\/strong><\/span> (3\u00b0 settore)<\/p>\n<p>Compass coop. sociale \u2013 Massa;\u00a0 Ebi.Co coop sociale \u2013 Firenze (Spin off Universit\u00e0 di Firenze)<\/p>\n<p><span style=\"color: #800000;\"><strong>Soggetti Partner<\/strong><\/span> (Comuni)<\/p>\n<p>Comune di Viareggio;\u00a0Comune di Massarosa;\u00a0Comune di Camaiore;\u00a0Comune di Pietrasanta;\u00a0Comune di Seravezza;\u00a0Comune di Stazzema<\/p>\n<p><span style=\"color: #800000;\"><strong>Soggetti Partner<\/strong><\/span> (Istituzioni Scolastiche)<\/p>\n<p><u>Istituti Comprensivi Versiliesi<\/u><\/p>\n<p>IIS Don Lazzeri Stagi Pietrasanta;\u00a0IIS Chini Michelangelo Lido di Camaiore-Forte dei Marmi;\u00a0Liceo Scientifico Barsanti e Matteucci Viareggio;\u00a0ISI Piaggia Viareggio<\/p>\n<p><span style=\"color: #800000;\"><strong>Soggetti partner tecnici<\/strong><\/span><\/p>\n<p>Agenzia Formativa Versilia Format;\u00a0 LARISS \u2013 Universit\u00e0 di Pisa<\/p>\n<p><span style=\"color: #800000;\"><strong>Destinatari<\/strong><\/span><\/p>\n<p>Minori in et\u00e0 11-17 anni &#8211; Genitori e familiari &#8211; Operatori Sociali &#8211; Insegnanti<\/p>\n<p><span style=\"color: #800000;\"><strong>Attivit\u00e0<\/strong><\/span> (da svolgere nell\u2019arco di 24 mesi)<\/p>\n<p><strong>\u00a0<\/strong>1.<strong>\u00a0<\/strong>Attivare, sostenere e gestire <span style=\"color: #000080;\"><strong>interventi educativi dentro le scuole utilizzando metodologie attive<\/strong><\/span> (laboratori, workshop, eventi) coinvolgendo, attraverso gruppi classe e\/o gruppi eterogenei, ragazzi svantaggiati (13-17 anni). La scuola si apre alla comunit\u00e0 come luogo di apprendimento ma anche confronto, socializzazione e crescita; le attivit\u00e0 saranno inserite nei POF scolastici. Da tenersi sia in orario scolastico che extrascolastico.<\/p>\n<p>2. Attivare, sostenere, promuovere e gestire <span style=\"color: #000080;\"><strong>centri di aggregazione e attivit\u00e0 di prevenzione<\/strong><\/span>, fuori dalle scuole, aperte ai soggetti (11-17 anni) che intendano frequentarle offrendo opportunit\u00e0 educative, culturali, sportive. Uno spazio comune in un luogo educativo non formale dove sperimentare attivit\u00e0 di accompagnamento allo studio, modelli positivi di utilizzo del tempo libero, anche attraverso percorsi personalizzati promossi dai Servizi Sociali in collaborazione con famiglie e scuola. Da tenersi in orario extrascolastico.<\/p>\n<p><em>Dal febbraio 2019 \u00e8 attivo il Centro di Aggregazione di Piano di Conca (Massarosa) nei pomeriggio di marted\u00ec, gioved\u00ec e venerd\u00ec con orario 15,00-18,30. Il centro \u00e8 aperto a bambini e giovani dagli 11 anni, la frequenza \u00e8 gratuita. Per info:\u00a0 manchisolotuversilia@gmail.com o 340.5256157 (negli orari di apertura).<\/em><\/p>\n<p>3. Attivare, promuovere e gestire <span style=\"color: #000080;\"><strong>azioni di accompagnamento dei genitori nei compiti educativi e di sostegno alla genitorialit\u00e0<\/strong><\/span> al fine di incentivare una maggiore responsabilizzazione delle famiglie nei processi di sviluppo, migliorare la comunicazione con le istituzioni scolastiche, accrescere le competenze di una comunit\u00e0 educante.<\/p>\n<p>4. Attivare e gestire <span style=\"color: #000080;\"><strong>azioni formative e di aggiornamento<\/strong><\/span> di tutti gli attori del processo educativo (insegnanti, operatori sociali, educatori, allenatori sportivi, ecc) sia per consentire una migliore integrazione operativa, sia per acquisire strumenti educativi comuni e di apprendimento innovativi.<\/p>\n<p><span style=\"color: #800000;\"><strong>Monitoraggio<\/strong><\/span><\/p>\n<p>Il progetto prevede un programma di monitoraggio delle attivit\u00e0 rispetto agli obiettivi fissati ed ai risultati raggiunti, attraverso strumenti che saranno condivisi in una Cabina di Regia che includer\u00e0 tutti i soggetti coinvolti.<\/p>\n<p><span style=\"color: #800000;\"><strong>Valutazione<\/strong><\/span><\/p>\n<p>Il progetto prevede l\u2019adozione di tecniche di valutazione di lungo periodo al fine di misurare i benefici, anche a due anni dalla conclusione del progetto.<\/p>\n<p>A tal fine \u00e8 stato coinvolto il Laboratorio di Ricerca sull\u2019Inclusione e lo Sviluppo Sociale, uno strumento del Dipartimento di Scienze Politiche dell\u2019Universit\u00e0 di Pisa finalizzato allo sviluppo della ricerca e della diffusione della conoscenza nei settori scientifici e disciplinari delle scienze sociali nell\u2019ambito degli studi sui processi di sviluppo ed inclusione sociale ed economica<\/p>\n<p>&nbsp;<\/p>\n<p>Pagina <strong>Facebook<\/strong> del progetto <a href=\"https:\/\/www.facebook.com\/manchisolotu\/\">link<\/a><\/p>\n<p>Pagina Blog del progetto <strong>Percorsi Con i Bambini<\/strong> <a href=\"https:\/\/percorsiconibambini.it\/manchisolotu\/2018\/11\/14\/manchi-solo-tu-dalle-scuole-al-territorio-contro-la-poverta-educativa-in-versilia\/\">link<\/a><\/p>\n<p><strong>\u00a0<\/strong><\/p>\n","protected":false},"excerpt":{"rendered":"<p>Nell&#8217;ambito del Bando Adolescenza 2016 promosso dall&#8217;impresa sociale Con I Bambini, la cooperativa\u00a0 \u00e8 riuscita ad ottenere, come soggetto responsabile\u00a0capofila, un contributo per l&#8217;attuazione di interventi di contrasto della povert\u00e0 educativa minorile con un progetto denominato MANCHI SOLO TU:\u00a0Interventi Educativi Integrati per il contrasto della povert\u00e0 minorile. &nbsp; La proposta &hellip;<\/p>\n","protected":false},"author":1,"featured_media":0,"parent":0,"menu_order":0,"comment_status":"closed","ping_status":"closed","template":"","meta":{"footnotes":""},"class_list":["post-2942","page","type-page","status-publish","hentry"],"_links":{"self":[{"href":"https:\/\/coopcrea.it\/index.php\/wp-json\/wp\/v2\/pages\/2942","targetHints":{"allow":["GET"]}}],"collection":[{"href":"https:\/\/coopcrea.it\/index.php\/wp-json\/wp\/v2\/pages"}],"about":[{"href":"https:\/\/coopcrea.it\/index.php\/wp-json\/wp\/v2\/types\/page"}],"author":[{"embeddable":true,"href":"https:\/\/coopcrea.it\/index.php\/wp-json\/wp\/v2\/users\/1"}],"replies":[{"embeddable":true,"href":"https:\/\/coopcrea.it\/index.php\/wp-json\/wp\/v2\/comments?post=2942"}],"version-history":[{"count":10,"href":"https:\/\/coopcrea.it\/index.php\/wp-json\/wp\/v2\/pages\/2942\/revisions"}],"predecessor-version":[{"id":3270,"href":"https:\/\/coopcrea.it\/index.php\/wp-json\/wp\/v2\/pages\/2942\/revisions\/3270"}],"wp:attachment":[{"href":"https:\/\/coopcrea.it\/index.php\/wp-json\/wp\/v2\/media?parent=2942"}],"curies":[{"name":"wp","href":"https:\/\/api.w.org\/{rel}","templated":true}]}}