{"id":5356,"date":"2022-06-17T11:52:20","date_gmt":"2022-06-17T09:52:20","guid":{"rendered":"https:\/\/coopcrea.it\/?page_id=5356"},"modified":"2023-09-14T13:34:09","modified_gmt":"2023-09-14T11:34:09","slug":"il-teatro-in-c-re-a","status":"publish","type":"page","link":"https:\/\/coopcrea.it\/index.php\/chi-siamo\/il-teatro-in-c-re-a\/","title":{"rendered":"IL TEATRO IN C.RE.A."},"content":{"rendered":"<p>La coop.va gestisce servizi diurni (semiresidenziali) per persone disabili adulte (18-64 anni) in tutta la Versilia. <strong>Fra le attivit\u00e0 di socializzazione, ricreative e di valorizzazione delle differenze, sono condotti da molti anni dei <span style=\"color: #800080;\">laboratori di teatro e drammatizzazione<\/span><\/strong> che coinvolgono, attraverso l\u2019impegno di operatori specializzati ed esperti, molti ospiti dei centri diurni che sono messi nella condizione di esprimere la propria creativit\u00e0 nel modo che a loro \u00e8 pi\u00f9 congeniale. Il movimento, che \u00e8 canale privilegiato rispetto alla parola per la costruzione di un\u2019azione scenica, ha il suo principale alleato nella musica, affinch\u00e9 un gesto acquisisca una sua forza poetica.<\/p>\n<p>Raccogliamo qui le esperienze pi\u00f9 significative svolte negli ultimi anni nell\u2019ambito delle attivit\u00e0 di Teatro e Drammatizzazione con la disabilit\u00e0.<\/p>\n<p>&nbsp;<\/p>\n<p><strong>2023<\/strong><\/p>\n<p><span style=\"color: #ff0000;\"><strong>FILI SOTTILI<\/strong> <\/span>23.06 Teatro dell&#8217;Olivo di Camaiore (con il contributo del Comune di Camaiore) &#8211; 15.07 La Brilla di Massaciuccoli &#8211; Massarosa (in collaborazione con CNV) &#8211; 25.08 Lucca (nell&#8217;ambito della Rassegna Mitos promossa dalla compagnia Empatheatre<\/p>\n<p>gennaio-giugno: conduzione del Laboratorio C&#8217;ENTRA &#8211; Il Teatro come valorizzazione delle differenze che porta alla rappresentazione FILI SOTTILI<\/p>\n<p><strong>2020-2022<\/strong> La necessit\u00e0 di gestire in sicurezza i servizi sociali, educativi e assistenziali per le persone fragili per ridurre i rischi di contagio durante la pandemia Covid19 ha portato a sospendere le attivit\u00e0 di teatro e drammatizzazione, ma con l&#8217;estate del 2022 si cominciano di nuovo a progettare laboratori espressivi condotti con tecniche teatrali. Grazie ad un contributo della Fondazione Cassa di Risparmio di Lucca, l&#8217;attivit\u00e0 riparte con il progetto &#8220;<strong>C&#8217;ENTRA<\/strong> &#8211; <strong>Il Teatro come valorizzazione delle differenze<\/strong>&#8221; che conduce poi agli eventi realizzati nel 2023<\/p>\n<p><strong>2020<\/strong><\/p>\n<p><span style=\"color: #ff0000;\"><strong>Aktion T4<\/strong>\u00a0<\/span><strong><span style=\"color: #ff0000;\">spettacolo conferenza<\/span>\u00a0<\/strong><strong>&#8211;<\/strong> in occasione del Giorno della Memoria presso cinema teatro Art\u00e8 di Capannori e presso Teatro Comunale Verdi di Santa Croce Sull\u2019Arno.<\/p>\n<p><span style=\"color: #ff0000;\"><strong>Workshop<\/strong><\/span> <strong>&#8211;<\/strong> attivit\u00e0 di teatro e drammatizzazione con coinvolgimento degli ospiti dei centri diurni a distanza nel periodo del lockdown (es. casa Cimbilium<\/p>\n<p><strong>2019<\/strong><\/p>\n<p><span style=\"color: #ff0000;\"><strong>Vite indegne di essere vissute: Aktion T4<\/strong>\u00a0<\/span><strong>&#8211;<\/strong> in occasione dell\u2019Ora di Teatro, festival Nazionale di Teatro presso Teatro dei Rassicurati di Montecarlo.<\/p>\n<p><span style=\"color: #ff0000;\"><strong>Vite indegne di essere vissute: Aktion T4<\/strong><\/span><strong>\u00a0&#8211;<\/strong> un percorso di conoscenza presso Liceo Chini Lido di Camaiore e presso Teatro dell\u2019Olivo di Camaiore.<\/p>\n<p><strong><span style=\"color: #ff0000;\">ZAMBOT 3 prove per una messa in scena<\/span> &#8211;\u00a0<\/strong>in occasione della Rassegna di Teatro dell\u2019Anfiteatro Fabio Chiesa di Viareggio.<\/p>\n<p><strong><span style=\"color: #ff0000;\">ZAMBOT 3 ovvero Out of Control<\/span> &#8211;\u00a0<\/strong>in occasione dell\u2019Ora del Teatro, Festival Nazionale di Teatro presso Teatro dei Rassicurati di Montecarlo.<\/p>\n<p><strong>2018<\/strong><\/p>\n<p><strong><span style=\"color: #ff0000;\">Attimi<\/span> <\/strong><strong>&#8211;<\/strong> in occasione della Rassegna di Teatro presso Anfiteatro Fabio Chiesa di Viareggio.<\/p>\n<p><span style=\"color: #ff0000;\"><strong>Che cos\u2019\u00e8<\/strong><\/span> &#8211; spettacolo studio per una messa in scena e Dopo Spettacolo sul tema de L\u2019inclusione in collaborazione con Coquelicot Teatro presso Teatro dell\u2019Olivo di Camaiore.<\/p>\n<p><span style=\"color: #ff0000;\"><strong>Vite indegne di essere vissute: Aktion T4<\/strong><\/span>\u00a0<strong>&#8211;<\/strong> un percorso di conoscenza presso Centro Diurno Disabili Cimbilium di Camaiore.<\/p>\n<p><strong>Workshop<\/strong> percorso esperienziale di inclusione sociale nell\u2019ambito di Impossibile Arte Possibile, promosso dalla Provincia di Lucca per Lucca Teatro Festival presso Teatro del Giglio di Lucca.<\/p>\n<p><strong>2017<\/strong><\/p>\n<p><span style=\"color: #ff0000;\"><strong>Che cos\u2019\u00e8 <\/strong><\/span><strong>&#8211;<\/strong> spettacolo studio per una messa in scena (in occasione dell\u2019Ora di Teatro, festival Nazionale di Teatro) presso Teatro dei Rassicurati, Montecarlo.<\/p>\n<p><strong>workshop<\/strong> di teatro sociale con persone disabili nell\u2019ambito di Impossibile Arte Possibile, Provincia di Lucca.<\/p>\n<p><strong>2016<\/strong><\/p>\n<p><span style=\"color: #ff0000;\"><strong>Cromie<\/strong><\/span> <strong>&#8211;<\/strong> in occasione dell\u2019Ora di Teatro, Festival Nazionale di Teatro &#8211; Teatro dei Rassicurati, Montecarlo<\/p>\n<p><strong>2015<\/strong><\/p>\n<p><span style=\"color: #ff0000;\"><strong>Cromie<\/strong><\/span> \u2013 spettacolo attuato nell\u2019ambito dell\u2019iniziativa L\u2019arte di stare insieme, La Toscana come terra d\u2019incontro Torre del lago, Teatro Puccini; Massarosa, Teatro Manzoni<\/p>\n<p style=\"text-indent: 0px; font-style: normal; font-variant-ligatures: normal; font-variant-caps: normal; font-weight: 400; font-size: 16px; font-family: 'Times New Roman';\"><strong>2014<\/strong><\/p>\n<p style=\"text-indent: 0px; font-style: normal; font-variant-ligatures: normal; font-variant-caps: normal; font-weight: 400; font-size: 16px; font-family: 'Times New Roman';\"><span style=\"color: #ff0000;\"><strong>Cronache d\u2019Insieme<\/strong>\u00a0<\/span>\u2013 rappresentazione svolta nell\u2019ambito della Rassegna di Teatro sociale a Porcari, Fondazione Cavanis &#8211; Teatro Comunale.<\/p>\n<p><strong>2011-2013<\/strong><\/p>\n<p><span style=\"color: #ff0000;\"><strong>Segni<\/strong><\/span> \u2013 spettacolo portato in giro per la provincia di Lucca in vari ambiti fra cui: Rassegna MITOS promossa da Empatheatre la Compagnia dei Salvastorie presso complesso San Micheletto di Lucca, Teatro dell\u2019Olivo a Camaiore, Teatro Manzoni a Massarosa.<\/p>\n<p><a href=\"https:\/\/coopcrea.it\/wp-new\/wp-content\/uploads\/2022\/06\/CENTRA-14.03.2018.jpg\"><img loading=\"lazy\" decoding=\"async\" class=\"wp-image-5367 alignleft\" src=\"https:\/\/coopcrea.it\/wp-new\/wp-content\/uploads\/2022\/06\/CENTRA-14.03.2018.jpg\" alt=\"\" width=\"263\" height=\"350\" srcset=\"https:\/\/coopcrea.it\/wp-new\/wp-content\/uploads\/2022\/06\/CENTRA-14.03.2018.jpg 720w, https:\/\/coopcrea.it\/wp-new\/wp-content\/uploads\/2022\/06\/CENTRA-14.03.2018-225x300.jpg 225w, https:\/\/coopcrea.it\/wp-new\/wp-content\/uploads\/2022\/06\/CENTRA-14.03.2018-150x200.jpg 150w\" sizes=\"auto, (max-width: 263px) 100vw, 263px\" \/>\u00a0\u00a0<\/a><a href=\"https:\/\/coopcrea.it\/wp-new\/wp-content\/uploads\/2022\/06\/centra.jpg\"><img loading=\"lazy\" decoding=\"async\" class=\"wp-image-5368 alignleft\" src=\"https:\/\/coopcrea.it\/wp-new\/wp-content\/uploads\/2022\/06\/centra.jpg\" alt=\"\" width=\"427\" height=\"305\" srcset=\"https:\/\/coopcrea.it\/wp-new\/wp-content\/uploads\/2022\/06\/centra.jpg 1139w, https:\/\/coopcrea.it\/wp-new\/wp-content\/uploads\/2022\/06\/centra-300x215.jpg 300w, https:\/\/coopcrea.it\/wp-new\/wp-content\/uploads\/2022\/06\/centra-768x550.jpg 768w, https:\/\/coopcrea.it\/wp-new\/wp-content\/uploads\/2022\/06\/centra-1024x733.jpg 1024w, https:\/\/coopcrea.it\/wp-new\/wp-content\/uploads\/2022\/06\/centra-280x200.jpg 280w\" sizes=\"auto, (max-width: 427px) 100vw, 427px\" \/><\/a><\/p>\n","protected":false},"excerpt":{"rendered":"<p>La coop.va gestisce servizi diurni (semiresidenziali) per persone disabili adulte (18-64 anni) in tutta la Versilia. Fra le attivit\u00e0 di socializzazione, ricreative e di valorizzazione delle differenze, sono condotti da molti anni dei laboratori di teatro e drammatizzazione che coinvolgono, attraverso l\u2019impegno di operatori specializzati ed esperti, molti ospiti dei &hellip;<\/p>\n","protected":false},"author":1,"featured_media":0,"parent":1101,"menu_order":0,"comment_status":"closed","ping_status":"closed","template":"","meta":{"footnotes":""},"class_list":["post-5356","page","type-page","status-publish","hentry"],"_links":{"self":[{"href":"https:\/\/coopcrea.it\/index.php\/wp-json\/wp\/v2\/pages\/5356","targetHints":{"allow":["GET"]}}],"collection":[{"href":"https:\/\/coopcrea.it\/index.php\/wp-json\/wp\/v2\/pages"}],"about":[{"href":"https:\/\/coopcrea.it\/index.php\/wp-json\/wp\/v2\/types\/page"}],"author":[{"embeddable":true,"href":"https:\/\/coopcrea.it\/index.php\/wp-json\/wp\/v2\/users\/1"}],"replies":[{"embeddable":true,"href":"https:\/\/coopcrea.it\/index.php\/wp-json\/wp\/v2\/comments?post=5356"}],"version-history":[{"count":10,"href":"https:\/\/coopcrea.it\/index.php\/wp-json\/wp\/v2\/pages\/5356\/revisions"}],"predecessor-version":[{"id":5994,"href":"https:\/\/coopcrea.it\/index.php\/wp-json\/wp\/v2\/pages\/5356\/revisions\/5994"}],"up":[{"embeddable":true,"href":"https:\/\/coopcrea.it\/index.php\/wp-json\/wp\/v2\/pages\/1101"}],"wp:attachment":[{"href":"https:\/\/coopcrea.it\/index.php\/wp-json\/wp\/v2\/media?parent=5356"}],"curies":[{"name":"wp","href":"https:\/\/api.w.org\/{rel}","templated":true}]}}