{"id":7082,"date":"2025-11-04T14:39:03","date_gmt":"2025-11-04T13:39:03","guid":{"rendered":"https:\/\/coopcrea.it\/?page_id=7082"},"modified":"2025-11-05T09:12:36","modified_gmt":"2025-11-05T08:12:36","slug":"la-bacheca-della-parita","status":"publish","type":"page","link":"https:\/\/coopcrea.it\/index.php\/chi-siamo\/parita-di-genere\/la-bacheca-della-parita\/","title":{"rendered":"La Bacheca della Parit\u00e0"},"content":{"rendered":"<div class=\"wp-block-image\">\n<figure class=\"aligncenter size-large is-resized\"><img loading=\"lazy\" decoding=\"async\" width=\"1024\" height=\"724\" src=\"https:\/\/coopcrea.it\/wp-new\/wp-content\/uploads\/2025\/11\/immagine-centrale_GAI-1-1024x724.jpg\" alt=\"\" class=\"wp-image-7087\" style=\"width:438px;height:auto\" srcset=\"https:\/\/coopcrea.it\/wp-new\/wp-content\/uploads\/2025\/11\/immagine-centrale_GAI-1-1024x724.jpg 1024w, https:\/\/coopcrea.it\/wp-new\/wp-content\/uploads\/2025\/11\/immagine-centrale_GAI-1-300x212.jpg 300w, https:\/\/coopcrea.it\/wp-new\/wp-content\/uploads\/2025\/11\/immagine-centrale_GAI-1-768x543.jpg 768w, https:\/\/coopcrea.it\/wp-new\/wp-content\/uploads\/2025\/11\/immagine-centrale_GAI-1-1536x1086.jpg 1536w, https:\/\/coopcrea.it\/wp-new\/wp-content\/uploads\/2025\/11\/immagine-centrale_GAI-1-2048x1448.jpg 2048w, https:\/\/coopcrea.it\/wp-new\/wp-content\/uploads\/2025\/11\/immagine-centrale_GAI-1-283x200.jpg 283w\" sizes=\"auto, (max-width: 1024px) 100vw, 1024px\" \/><\/figure><\/div>\n\n\n<p>Benvenuti nella <em>Bacheca della Parit\u00e0<\/em>, uno spazio dedicato alla condivisione, alla diffusione e alla riflessione sui temi della <strong>Parit\u00e0 di Genere<\/strong>.<br>Qui raccogliamo esperienze, iniziative e buone pratiche che promuovono una cultura del rispetto, dell\u2019equit\u00e0 e delle pari opportunit\u00e0, in linea con i principi della <strong>certificazione UNI\/PdR 125<\/strong> di cui la nostra cooperativa \u00e8 orgogliosamente in possesso. Questo spazio sar\u00e0 il punto d\u2019incontro per raccontare il nostro impegno quotidiano e per stimolare un dialogo aperto e consapevole su un tema che ci sta a cuore: la parit\u00e0 per tutti e tutte.<\/p>\n\n\n\n<p class=\"has-headings-color has-text-color has-link-color wp-elements-242c74d330cac4f0acd08ccf53594910\">Segnaliamo con piacere che uno dei nostri soci e membro del Comitato per la Parit\u00e0 della cooperativa C.RE.A, Andrea Giuseppe Simi, da ottobre 2025 \u00e8 stato nominato fra i componenti della <strong>Commissione Pari Opportunit\u00e0 della Provincia di Lucca<\/strong>, rimandiamo al sito della Provincia in cui si parla della presentazione della neo commissione:\u00a0<mark style=\"background-color:rgba(0, 0, 0, 0)\" class=\"has-inline-color has-accent-1-color\"><em>https:\/\/www.provincia.lucca.it\/novita\/comunicato-stampa\/pari-opportunita-approvata-la-lista-delle-componenti-e-dei-componenti<\/em><\/mark><\/p>\n\n\n\n<p class=\"has-headings-color has-text-color has-link-color wp-elements-51fc3dae2a998e314cf3f19794dfc523\"><\/p>\n\n\n\n<p><\/p>\n","protected":false},"excerpt":{"rendered":"<p>Benvenuti nella Bacheca della Parit\u00e0, uno spazio dedicato alla condivisione, alla diffusione e alla riflessione sui temi della Parit\u00e0 di Genere.Qui raccogliamo esperienze, iniziative e buone pratiche che promuovono una cultura del rispetto, dell\u2019equit\u00e0 e delle pari opportunit\u00e0, in linea con i principi della certificazione UNI\/PdR 125 di cui la &hellip;<\/p>\n","protected":false},"author":1,"featured_media":7084,"parent":5954,"menu_order":0,"comment_status":"closed","ping_status":"closed","template":"","meta":{"footnotes":""},"class_list":["post-7082","page","type-page","status-publish","has-post-thumbnail","hentry"],"_links":{"self":[{"href":"https:\/\/coopcrea.it\/index.php\/wp-json\/wp\/v2\/pages\/7082","targetHints":{"allow":["GET"]}}],"collection":[{"href":"https:\/\/coopcrea.it\/index.php\/wp-json\/wp\/v2\/pages"}],"about":[{"href":"https:\/\/coopcrea.it\/index.php\/wp-json\/wp\/v2\/types\/page"}],"author":[{"embeddable":true,"href":"https:\/\/coopcrea.it\/index.php\/wp-json\/wp\/v2\/users\/1"}],"replies":[{"embeddable":true,"href":"https:\/\/coopcrea.it\/index.php\/wp-json\/wp\/v2\/comments?post=7082"}],"version-history":[{"count":7,"href":"https:\/\/coopcrea.it\/index.php\/wp-json\/wp\/v2\/pages\/7082\/revisions"}],"predecessor-version":[{"id":7096,"href":"https:\/\/coopcrea.it\/index.php\/wp-json\/wp\/v2\/pages\/7082\/revisions\/7096"}],"up":[{"embeddable":true,"href":"https:\/\/coopcrea.it\/index.php\/wp-json\/wp\/v2\/pages\/5954"}],"wp:featuredmedia":[{"embeddable":true,"href":"https:\/\/coopcrea.it\/index.php\/wp-json\/wp\/v2\/media\/7084"}],"wp:attachment":[{"href":"https:\/\/coopcrea.it\/index.php\/wp-json\/wp\/v2\/media?parent=7082"}],"curies":[{"name":"wp","href":"https:\/\/api.w.org\/{rel}","templated":true}]}}